{"id":2358,"date":"2021-02-16T11:00:09","date_gmt":"2021-02-16T10:00:09","guid":{"rendered":"https:\/\/www.ecodu.it\/privacy-policy\/"},"modified":"2021-06-08T13:15:22","modified_gmt":"2021-06-08T11:15:22","slug":"privacy-policy","status":"publish","type":"page","link":"https:\/\/www.ecodu.it\/fr\/privacy-policy\/","title":{"rendered":"Privacy Policy"},"content":{"rendered":"<p>&nbsp;<\/p>\n<p>&nbsp;<\/p>\n<p>&nbsp;<\/p>\n<h3><span style=\"color: #000000;\"> <strong> PROPRI\u00c9TAIRE DES DONN\u00c9ES COLLECT\u00c9ES <\/strong> <\/span><\/h3>\n<p>&nbsp;<\/p>\n<p><span style=\"color: #000000;\"> Lampa packaging srl <\/span><\/p>\n<p><span style=\"color: #000000;\"> Via Jesi 174 <\/span><\/p>\n<p><span style=\"color: #000000;\"> 60027 Osimo (AN) <\/span><\/p>\n<p><span style=\"color: #000000;\"> Num\u00e9ro de TVA IT02151500424 <\/span><\/p>\n<p><span style=\"color: #000000;\"> info [at] ecodu.it<\/span><\/p>\n<p>&nbsp;<\/p>\n<h3><span style=\"color: #000000;\"> <strong> TYPES DE DONN\u00c9ES COLLECT\u00c9ES<\/strong><\/span><\/h3>\n<p>&nbsp;<\/p>\n<p><span style=\"color: #000000;\"> Parmi les Donn\u00e9es Personnelles collect\u00e9es par cette Application, que ce soit de mani\u00e8re ind\u00e9pendante ou par l&rsquo;interm\u00e9diaire de tiers, figurent : les Cookies, les Donn\u00e9es d&rsquo;Utilisation, l&rsquo;Email, le Nom, le Pr\u00e9nom et les donn\u00e9es relatives \u00e0 l&rsquo;utilisateur. &lt;\/ \u00e9tendue&gt;<\/span><\/p>\n<p><span style=\"color: #000000;\"> Les autres donn\u00e9es personnelles collect\u00e9es peuvent \u00eatre indiqu\u00e9es dans d&rsquo;autres sections de cette politique de confidentialit\u00e9 ou au moyen de textes d&rsquo;information affich\u00e9s avec la collecte de donn\u00e9es. Les donn\u00e9es personnelles peuvent \u00eatre saisies volontairement par l&rsquo;utilisateur, ou collect\u00e9es automatiquement lors de l&rsquo;utilisation de cette application. <\/span><\/p>\n<p><span style=\"color: #000000;\"> Toute utilisation de Cookies &#8211; ou d&rsquo;autres outils de suivi &#8211; par cette Application ou par les propri\u00e9taires de services tiers utilis\u00e9s par cette Application, sauf indication contraire, a pour but d&rsquo;identifier l&rsquo;Utilisateur et enregistrer les pr\u00e9f\u00e9rences associ\u00e9es \u00e0 des fins strictement li\u00e9es \u00e0 la fourniture du service demand\u00e9 par l&rsquo;Utilisateur. Le d\u00e9faut par l&rsquo;utilisateur de fournir certaines donn\u00e9es personnelles peut emp\u00eacher cette application de fournir ses services. <\/span><\/p>\n<p><span style=\"color: #000000;\"> L&rsquo;utilisateur assume la responsabilit\u00e9 des donn\u00e9es personnelles de tiers publi\u00e9es ou partag\u00e9es via cette application et garantit avoir le droit de les communiquer ou de les diffuser, lib\u00e9rant le propri\u00e9taire de toute responsabilit\u00e9 envers des tiers.<\/span><\/p>\n<p>&nbsp;<\/p>\n<h3><span style=\"color: #000000;\"> <strong> M\u00c9THODE ET LIEU DE TRAITEMENT DES DONN\u00c9ES COLLECT\u00c9ES <\/strong> <\/span><\/h3>\n<p>&nbsp;<\/p>\n<p><span style=\"color: #000000;\"> <strong> Modalit\u00e9 de traitement <\/strong> <\/span><\/p>\n<p><span style=\"color: #000000;\"> Le propri\u00e9taire traite les donn\u00e9es personnelles des utilisateurs en adoptant les mesures de s\u00e9curit\u00e9 appropri\u00e9es visant \u00e0 emp\u00eacher l&rsquo;acc\u00e8s, la divulgation, la modification ou la destruction non autoris\u00e9s des donn\u00e9es personnelles. Le traitement est effectu\u00e9 \u00e0 l&rsquo;aide d&rsquo;outils informatiques et\/ou t\u00e9l\u00e9matiques, avec des m\u00e9thodes d&rsquo;organisation et avec une logique strictement li\u00e9e aux finalit\u00e9s indiqu\u00e9es. Outre le responsable du traitement, dans certains cas, des cat\u00e9gories d&#8217;employ\u00e9s impliqu\u00e9s dans l&rsquo;organisation du site (administratif, commercial, marketing, juridique, administrateurs syst\u00e8me) ou des sujets externes (tels que les fournisseurs de services techniques tiers, les coursiers postaux) peuvent avoir acc\u00e8s aux Donn\u00e9es (h\u00e9bergeurs, soci\u00e9t\u00e9s informatiques, agences de communication) \u00e9galement d\u00e9sign\u00e9s, le cas \u00e9ch\u00e9ant, en tant que Sous-traitants par le Responsable du traitement. La liste mise \u00e0 jour des gestionnaires peut toujours \u00eatre demand\u00e9e au responsable du traitement. <\/span><\/p>\n<p><span style=\"color: #000000;\"> Lieu: Les Donn\u00e9es sont trait\u00e9es dans les bureaux op\u00e9rationnels du Responsable du traitement et dans tout autre lieu o\u00f9 se trouvent les parties impliqu\u00e9es dans le traitement. Pour plus d&rsquo;informations, contactez le responsable du traitement. <\/span><\/p>\n<p><span style=\"color: #000000;\"> D\u00e9lais : Les Donn\u00e9es sont trait\u00e9es pendant le temps n\u00e9cessaire \u00e0 l&rsquo;ex\u00e9cution du service demand\u00e9 par l&rsquo;Utilisateur, ou requis par les finalit\u00e9s d\u00e9crites dans ce document, et l&rsquo;Utilisateur peut toujours demander l&rsquo;interruption. de le Traitement ou l&rsquo;annulation des Donn\u00e9es.<\/span><\/p>\n<p>&nbsp;<\/p>\n<p><span style=\"color: #000000;\"> <strong> FINALIT\u00c9 DU TRAITEMENT DES DONN\u00c9ES COLLECT\u00c9ES <\/strong> <\/span><\/p>\n<p><span style=\"color: #000000;\"> Les Donn\u00e9es Utilisateur sont collect\u00e9es pour permettre au Propri\u00e9taire de fournir ses services, ainsi qu&rsquo;aux fins suivantes : Statistiques, Contacter l&rsquo;Utilisateur et Gestion des adresses et envoi de messages \u00e9lectroniques. Les types de Donn\u00e9es personnelles utilis\u00e9es pour chaque finalit\u00e9 sont indiqu\u00e9s dans les sections sp\u00e9cifiques de ce document.<\/span><\/p>\n<h3><span style=\"color: #000000;\"> D\u00c9TAILS SUR LE TRAITEMENT DES DONN\u00c9ES PERSONNELLES <\/span><\/h3>\n<p><span style=\"color: #000000;\"> Les Donn\u00e9es Personnelles sont collect\u00e9es pour les finalit\u00e9s suivantes et en utilisant les services suivants:<\/span><\/p>\n<p><strong style=\"color: #000000;\">CONTACTER L&rsquo;UTILISATEUR<\/strong><\/p>\n<p><span style=\"color: #000000;\"> Formulaire de contact (Cette application) <\/span><\/p>\n<p><span style=\"color: #000000;\"> L&rsquo;Utilisateur, en remplissant le formulaire de contact avec ses Donn\u00e9es, consent \u00e0 leur utilisation pour r\u00e9pondre aux demandes d&rsquo;informations, de devis, ou de toute autre nature indiqu\u00e9e par l&rsquo;en-t\u00eate du module. Donn\u00e9es personnelles collect\u00e9es : Nom, Pr\u00e9nom, Email, informations concernant les pr\u00e9f\u00e9rences de l&rsquo;utilisateur.<\/span><\/p>\n<p><strong style=\"color: #000000;\">GESTION DES ADRESSES ET ENVOI DES MESSAGES MAIL<\/strong><\/p>\n<p><span style=\"color: #000000;\"> Ces services vous permettent de g\u00e9rer une base de donn\u00e9es de contacts emails, t\u00e9l\u00e9phoniques ou de tout autre type, utilis\u00e9s pour communiquer avec l&rsquo;Utilisateur. Ces services peuvent \u00e9galement permettre la collecte de donn\u00e9es relatives \u00e0 la date et \u00e0 l&rsquo;heure d&rsquo;affichage des messages par l&rsquo;Utilisateur, ainsi qu&rsquo;\u00e0 l&rsquo;interaction de l&rsquo;Utilisateur avec eux, telles que des informations sur les clics sur les liens ins\u00e9r\u00e9s dans les messages. <\/span><\/p>\n<p><span style=\"color: #000000;\"> <strong> Google Analytics (Google) <\/strong> <\/span><\/p>\n<p><span style=\"color: #000000;\"> Google Analytics est un service d&rsquo;analyse Web fourni par Google Inc. (\u00ab Google \u00bb). Google utilise les donn\u00e9es personnelles collect\u00e9es dans le but de suivre et d&rsquo;examiner l&rsquo;utilisation de cette application, de compiler des rapports et de les partager avec d&rsquo;autres services d\u00e9velopp\u00e9s par Google. <\/span><\/p>\n<p><span style=\"color: #000000;\"> Google peut utiliser les Donn\u00e9es personnelles pour contextualiser et personnaliser les publicit\u00e9s de son propre r\u00e9seau publicitaire. <\/span><\/p>\n<p><span style=\"color: #000000;\"> Donn\u00e9es personnelles collect\u00e9es : Cookies et donn\u00e9es d&rsquo;utilisation. <\/span><\/p>\n<p><span style=\"color: #000000;\"> Lieu de traitement : \u00c9tats-Unis \u2013 <a href=\"https:\/\/www.google.com\/intl\/it\/policies\/privacy\/\" target=\"_blank\" rel=\"noopener\">Privacy Policy<\/a> \u2013 <a href=\"https:\/\/tools.google.com\/dlpage\/gaoptout?hl=it\" target=\"_blank\" rel=\"noopener\">Opt Out<\/a><\/span><\/p>\n<p>&nbsp;<\/p>\n<h3><strong> <span style=\"color: #000000;\"> PLUS D&rsquo;INFORMATIONS SUR LE TRAITEMENT<\/span><\/strong><\/h3>\n<p>&nbsp;<\/p>\n<p><span style=\"color: #000000;\"> <strong> D\u00e9fense devant le tribunal <\/strong> <\/span><\/p>\n<p><span style=\"color: # 000000;\"> Les donn\u00e9es personnelles de l&rsquo;utilisateur peuvent \u00eatre utilis\u00e9es pour la d\u00e9fense par le propri\u00e9taire en justice ou dans les \u00e9tapes menant \u00e0 son \u00e9tablissement \u00e9ventuel, contre des abus dans l&rsquo;utilisation des m\u00eames services ou des services connexes par le Utilisateur. L&rsquo;Utilisateur d\u00e9clare \u00eatre conscient que le Responsable du traitement peut \u00eatre amen\u00e9 \u00e0 divulguer les Donn\u00e9es \u00e0 la demande des autorit\u00e9s publiques. <\/span><\/p>\n<p>&nbsp;<\/p>\n<p><span style=\"color: #000000;\"> <strong> Informations sp\u00e9cifiques <\/strong> <\/span><\/p>\n<p><span style=\"color: #000000;\"> \u00c0 la demande de l&rsquo;utilisateur, en plus des informations contenues dans cette politique de confidentialit\u00e9, cette application peut fournir \u00e0 l&rsquo;utilisateur des informations suppl\u00e9mentaires et contextuelles concernant des services sp\u00e9cifiques, ou la collecte et le traitement des donn\u00e9es personnelles. <\/span><\/p>\n<p>&nbsp;<\/p>\n<p><span style=\"color: #000000;\"> <strong> Journaux syst\u00e8me et de maintenance <\/strong> <\/span><\/p>\n<p><span style=\"color: #000000;\"> Pour les besoins li\u00e9s \u00e0 l&rsquo;exploitation et \u00e0 la maintenance, cette Application et tous les services tiers qu&rsquo;elle utilise peuvent collecter des journaux syst\u00e8me, qui sont des fichiers qui enregistrent les interactions et qui peuvent \u00e9galement contenir des donn\u00e9es personnelles , comme l&rsquo;adresse IP de l&rsquo;utilisateur. <\/span><\/p>\n<p><span style=\"color: #000000;\"> Informations non contenues dans cette politique <\/span><\/p>\n<p><span style=\"color: #000000;\"> De plus amples informations concernant le traitement des donn\u00e9es personnelles peuvent \u00eatre demand\u00e9es \u00e0 tout moment au responsable du traitement en utilisant les coordonn\u00e9es.<\/span><\/p>\n<p>&nbsp;<\/p>\n<p><span style=\"color: #000000;\"> <strong> Exercice des droits par les Utilisateurs <\/strong> <\/span><\/p>\n<p><span style=\"color: #000000;\"> Les sujets auxquels se r\u00e9f\u00e8rent les donn\u00e9es personnelles ont le droit \u00e0 tout moment d&rsquo;obtenir la confirmation de l&rsquo;existence ou non de la part du responsable du traitement, de conna\u00eetre leur contenu et leur origine, de v\u00e9rifier son exactitude ou demander son int\u00e9gration, annulation, mise \u00e0 jour, rectification, transformation en forme anonyme ou blocage des Donn\u00e9es Personnelles trait\u00e9es en violation de la loi, ainsi que de s&rsquo;opposer dans tous les cas, pour des motifs l\u00e9gitimes, \u00e0 leur traitement. Les demandes doivent \u00eatre adress\u00e9es au responsable du traitement. <\/span><\/p>\n<p><span style=\"color: #000000;\"> Cette application ne prend pas en charge les demandes \u00ab Ne pas suivre \u00bb. Pour savoir si des services tiers utilis\u00e9s les prennent en charge, consultez leur politique de confidentialit\u00e9. <\/span><\/p>\n<p>&nbsp;<\/p>\n<p><span style=\"color: #000000;\"> <strong> Modifications de cette politique de confidentialit\u00e9 <\/strong> <\/span><\/p>\n<p><span style=\"color: #000000;\"> Le responsable du traitement se r\u00e9serve le droit d&rsquo;apporter des modifications \u00e0 cette politique de confidentialit\u00e9 \u00e0 tout moment en informant les utilisateurs sur cette page. Veuillez donc consulter souvent cette page en vous r\u00e9f\u00e9rant \u00e0 la date de la derni\u00e8re modification indiqu\u00e9e en bas. En cas de non-acceptation des modifications apport\u00e9es \u00e0 cette politique de confidentialit\u00e9, l&rsquo;utilisateur est tenu de cesser d&rsquo;utiliser cette application et peut demander au responsable du traitement de supprimer ses donn\u00e9es personnelles. Sauf indication contraire, la politique de confidentialit\u00e9 pr\u00e9c\u00e9dente continuera de s&rsquo;appliquer aux donn\u00e9es personnelles collect\u00e9es jusqu&rsquo;\u00e0 ce moment. <\/span><\/p>\n<p><span style=\"color: #000000;\"> <strong> \u00c0 propos de cette politique de confidentialit\u00e9 <\/strong> <\/span><\/p>\n<p><span style=\"color: #000000;\"> Le responsable du traitement est responsable de cette politique de confidentialit\u00e9. <\/span><\/p>\n<p>&nbsp;<\/p>\n<h3><span style=\"color: #000000;\"> DEFINITIONS ET REFERENCES JURIDIQUES <\/span><\/h3>\n<p><span style=\"color: #000000;\"> <strong> Donn\u00e9es personnelles (ou Donn\u00e9es) <\/strong> <\/span><\/p>\n<p><span style=\"color: #000000;\"> Toute information relative \u00e0 une personne physique, identifi\u00e9e ou identifiable, m\u00eame indirectement, par r\u00e9f\u00e9rence \u00e0 toute autre information, y compris un num\u00e9ro d&rsquo;identification personnel, constitue une donn\u00e9e personnelle. <\/span><\/p>\n<p>&nbsp;<\/p>\n<p><span style=\"color: #000000;\"> <strong> Donn\u00e9es d&rsquo;utilisation <\/strong> <\/span><\/p>\n<p><span style=\"color: #000000;\"> Il s&rsquo;agit des donn\u00e9es personnelles collect\u00e9es automatiquement par l&rsquo;Application (ou par les applications tierces qu&rsquo;elle utilise), notamment : les adresses IP ou les noms de domaine des ordinateurs utilis\u00e9s aupr\u00e8s de l&rsquo;Utilisateur qui se connecte \u00e0 l&rsquo;Application, les adresses en notation URI (Uniform Resource Identifier) \u200b\u200b\u200b\u200b, l&rsquo;heure de la demande, la m\u00e9thode utilis\u00e9e pour soumettre la demande au serveur, la taille du fichier obtenu en r\u00e9ponse, le code num\u00e9rique indiquant l&rsquo;\u00e9tat de la r\u00e9ponse du serveur (r\u00e9ussi, erreur, etc.) le pays d&rsquo;origine, les caract\u00e9ristiques du navigateur et du syst\u00e8me d&rsquo;exploitation utilis\u00e9 par le visiteur, les diff\u00e9rentes connotations temporelles de la visite (par exemple le temps pass\u00e9 sur chaque page) et les d\u00e9tails relatives \u00e0 l&rsquo;itin\u00e9raire suivi au sein de l&rsquo;Application, avec une r\u00e9f\u00e9rence particuli\u00e8re \u00e0 la s\u00e9quence des pages consult\u00e9es, aux param\u00e8tres relatifs au syst\u00e8me d&rsquo;exploitation et \u00e0 l&rsquo;environnement informatique de l&rsquo;Utilisateur.<\/span><\/p>\n<p>&nbsp;<\/p>\n<p><span style=\"color: #000000;\"> <strong> Utilisateur <\/strong> <\/span><\/p>\n<p><span style=\"color: #000000;\"> La personne qui utilise cette Application, qui doit co\u00efncider avec ou \u00eatre autoris\u00e9e par la partie int\u00e9ress\u00e9e et dont les Donn\u00e9es personnelles sont en cours de traitement. <\/span><\/p>\n<p>&nbsp;<\/p>\n<p><span style=\"color: #000000;\"> <strong> Int\u00e9ress\u00e9 <\/strong> <\/span><\/p>\n<p><span style=\"color: #000000;\"> La personne physique ou morale \u00e0 laquelle se r\u00e9f\u00e8rent les Donn\u00e9es Personnelles. <\/span><\/p>\n<p><span style=\"color: #000000;\"> Processeur de donn\u00e9es (ou gestionnaire) <\/span><\/p>\n<p><span style=\"color: #000000;\"> La personne physique, la personne morale, l&rsquo;administration publique et tout autre organisme, association ou organisme d\u00e9sign\u00e9 par le responsable du traitement pour traiter les donn\u00e9es personnelles, comme \u00e9tabli par la pr\u00e9sente politique de confidentialit\u00e9. <\/span><\/p>\n<p>&nbsp;<\/p>\n<p><span style=\"color: #000000;\"> <strong> Responsable du traitement (ou Responsable du traitement) <\/strong> <\/span><\/p>\n<p><span style=\"color: #000000;\"> La personne physique, la personne morale, l&rsquo;administration publique et tout autre organisme, association ou organisation qui est responsable, m\u00eame conjointement avec un autre propri\u00e9taire, des d\u00e9cisions concernant les finalit\u00e9s et les modalit\u00e9s de traitement des donn\u00e9es personnelles et les outils utilis\u00e9s, y compris le profil de s\u00e9curit\u00e9, en relation avec le fonctionnement et l&rsquo;utilisation de cette Application. Le contr\u00f4leur de donn\u00e9es, sauf indication contraire, est le propri\u00e9taire de cette application. <\/span><\/p>\n<p>&nbsp;<\/p>\n<p><span style=\"color: #000000;\"> <strong> Cette application <\/strong> <\/span><\/p>\n<p><span style=\"color: #000000;\"> L&rsquo;outil mat\u00e9riel ou logiciel par lequel les donn\u00e9es personnelles des utilisateurs sont collect\u00e9es. <\/span><\/p>\n<p>&nbsp;<\/p>\n<p><span style=\"color: #000000;\"> <strong> Cookie <\/strong> <\/span><\/p>\n<p><span style=\"color: #000000;\"> Petite donn\u00e9e stock\u00e9e dans l&rsquo;appareil de l&rsquo;utilisateur. <\/span><\/p>\n<p>&nbsp;<\/p>\n<h3><span style=\"color: #000000;\"> R\u00e9f\u00e9rences l\u00e9gales <\/span><\/h3>\n<p><span style=\"color: #000000;\"> Avis aux utilisateurs europ\u00e9ens : Cette d\u00e9claration de confidentialit\u00e9 a \u00e9t\u00e9 pr\u00e9par\u00e9e en ex\u00e9cution des obligations en vertu de l&rsquo;art. 10 de la Directive n. 95\/46\/CE, ainsi que les dispositions de la directive 2002\/58\/CE, telle que mise \u00e0 jour par la directive 2009\/136\/CE, en mati\u00e8re de cookies et conform\u00e9ment \u00e0 l&rsquo;art. 13-14 du RGPD (r\u00e8glement g\u00e9n\u00e9ral sur la protection des donn\u00e9es) 2016\/679. Selon les r\u00e9glementations indiqu\u00e9es, ce traitement sera bas\u00e9 sur des principes d&rsquo;exactitude, de l\u00e9galit\u00e9, de transparence et de protection de votre vie priv\u00e9e et de vos droits. Sauf indication contraire, cette d\u00e9claration de confidentialit\u00e9 ne concerne que cette application. <\/span><\/p>\n<p><span style=\"color: #000000;\"> Derni\u00e8re modification : 8 Juin 2021<\/span><\/p>\n","protected":false},"excerpt":{"rendered":"<p>&nbsp; &nbsp; &nbsp; PROPRI\u00c9TAIRE DES DONN\u00c9ES COLLECT\u00c9ES &nbsp; Lampa packaging srl Via Jesi 174 60027 Osimo (AN) Num\u00e9ro de TVA IT02151500424 info [at] ecodu.it &nbsp; TYPES DE DONN\u00c9ES COLLECT\u00c9ES &nbsp; Parmi les Donn\u00e9es Personnelles collect\u00e9es par cette Application, que ce soit de mani\u00e8re ind\u00e9pendante ou&#8230;<\/p>\n","protected":false},"author":2,"featured_media":0,"parent":0,"menu_order":0,"comment_status":"closed","ping_status":"closed","template":"","meta":{"_joinchat":[],"footnotes":""},"class_list":["post-2358","page","type-page","status-publish","hentry"],"yoast_head":"<!-- This site is optimized with the Yoast SEO plugin v27.3 - https:\/\/yoast.com\/product\/yoast-seo-wordpress\/ -->\n<title>Privacy Policy | ECODU<\/title>\n<meta name=\"robots\" content=\"index, follow, max-snippet:-1, max-image-preview:large, max-video-preview:-1\" \/>\n<link rel=\"canonical\" href=\"https:\/\/www.ecodu.it\/fr\/privacy-policy\/\" \/>\n<meta property=\"og:locale\" content=\"fr_FR\" \/>\n<meta property=\"og:type\" content=\"article\" \/>\n<meta property=\"og:title\" content=\"Privacy Policy | ECODU\" \/>\n<meta property=\"og:description\" content=\"&nbsp; &nbsp; &nbsp; PROPRI\u00c9TAIRE DES DONN\u00c9ES COLLECT\u00c9ES &nbsp; Lampa packaging srl Via Jesi 174 60027 Osimo (AN) Num\u00e9ro de TVA IT02151500424 info [at] ecodu.it &nbsp; TYPES DE DONN\u00c9ES COLLECT\u00c9ES &nbsp; Parmi les Donn\u00e9es Personnelles collect\u00e9es par cette Application, que ce soit de mani\u00e8re ind\u00e9pendante ou...\" \/>\n<meta property=\"og:url\" content=\"https:\/\/www.ecodu.it\/fr\/privacy-policy\/\" \/>\n<meta property=\"og:site_name\" content=\"ECODU\" \/>\n<meta property=\"article:publisher\" content=\"https:\/\/www.facebook.com\/EcoDu.it\" \/>\n<meta property=\"article:modified_time\" content=\"2021-06-08T11:15:22+00:00\" \/>\n<meta name=\"twitter:card\" content=\"summary_large_image\" \/>\n<meta name=\"twitter:label1\" content=\"Dur\u00e9e de lecture estim\u00e9e\" \/>\n\t<meta name=\"twitter:data1\" content=\"8 minutes\" \/>\n<script type=\"application\/ld+json\" class=\"yoast-schema-graph\">{\"@context\":\"https:\\\/\\\/schema.org\",\"@graph\":[{\"@type\":\"WebPage\",\"@id\":\"https:\\\/\\\/www.ecodu.it\\\/fr\\\/privacy-policy\\\/\",\"url\":\"https:\\\/\\\/www.ecodu.it\\\/fr\\\/privacy-policy\\\/\",\"name\":\"Privacy Policy | ECODU\",\"isPartOf\":{\"@id\":\"https:\\\/\\\/www.ecodu.it\\\/#website\"},\"datePublished\":\"2021-02-16T10:00:09+00:00\",\"dateModified\":\"2021-06-08T11:15:22+00:00\",\"breadcrumb\":{\"@id\":\"https:\\\/\\\/www.ecodu.it\\\/fr\\\/privacy-policy\\\/#breadcrumb\"},\"inLanguage\":\"fr-FR\",\"potentialAction\":[{\"@type\":\"ReadAction\",\"target\":[\"https:\\\/\\\/www.ecodu.it\\\/fr\\\/privacy-policy\\\/\"]}]},{\"@type\":\"BreadcrumbList\",\"@id\":\"https:\\\/\\\/www.ecodu.it\\\/fr\\\/privacy-policy\\\/#breadcrumb\",\"itemListElement\":[{\"@type\":\"ListItem\",\"position\":1,\"name\":\"Home\",\"item\":\"https:\\\/\\\/www.ecodu.it\\\/fr\\\/home-page\\\/\"},{\"@type\":\"ListItem\",\"position\":2,\"name\":\"Privacy Policy\"}]},{\"@type\":\"WebSite\",\"@id\":\"https:\\\/\\\/www.ecodu.it\\\/#website\",\"url\":\"https:\\\/\\\/www.ecodu.it\\\/\",\"name\":\"EcoDu Food Packaging Solutions\",\"description\":\"\",\"publisher\":{\"@id\":\"https:\\\/\\\/www.ecodu.it\\\/#organization\"},\"potentialAction\":[{\"@type\":\"SearchAction\",\"target\":{\"@type\":\"EntryPoint\",\"urlTemplate\":\"https:\\\/\\\/www.ecodu.it\\\/?s={search_term_string}\"},\"query-input\":{\"@type\":\"PropertyValueSpecification\",\"valueRequired\":true,\"valueName\":\"search_term_string\"}}],\"inLanguage\":\"fr-FR\"},{\"@type\":\"Organization\",\"@id\":\"https:\\\/\\\/www.ecodu.it\\\/#organization\",\"name\":\"ECODU Food Packaging Solutions\",\"url\":\"https:\\\/\\\/www.ecodu.it\\\/\",\"logo\":{\"@type\":\"ImageObject\",\"inLanguage\":\"fr-FR\",\"@id\":\"https:\\\/\\\/www.ecodu.it\\\/#\\\/schema\\\/logo\\\/image\\\/\",\"url\":\"https:\\\/\\\/www.ecodu.it\\\/wp-content\\\/uploads\\\/2021\\\/02\\\/ecodu-logo-base.png\",\"contentUrl\":\"https:\\\/\\\/www.ecodu.it\\\/wp-content\\\/uploads\\\/2021\\\/02\\\/ecodu-logo-base.png\",\"width\":596,\"height\":216,\"caption\":\"ECODU Food Packaging Solutions\"},\"image\":{\"@id\":\"https:\\\/\\\/www.ecodu.it\\\/#\\\/schema\\\/logo\\\/image\\\/\"},\"sameAs\":[\"https:\\\/\\\/www.facebook.com\\\/EcoDu.it\",\"https:\\\/\\\/www.instagram.com\\\/ecodu.it\\\/\",\"https:\\\/\\\/www.youtube.com\\\/channel\\\/UCdgyY6D1deylUb-MWUiqpFw\"]}]}<\/script>\n<!-- \/ Yoast SEO plugin. -->","yoast_head_json":{"title":"Privacy Policy | ECODU","robots":{"index":"index","follow":"follow","max-snippet":"max-snippet:-1","max-image-preview":"max-image-preview:large","max-video-preview":"max-video-preview:-1"},"canonical":"https:\/\/www.ecodu.it\/fr\/privacy-policy\/","og_locale":"fr_FR","og_type":"article","og_title":"Privacy Policy | ECODU","og_description":"&nbsp; &nbsp; &nbsp; PROPRI\u00c9TAIRE DES DONN\u00c9ES COLLECT\u00c9ES &nbsp; Lampa packaging srl Via Jesi 174 60027 Osimo (AN) Num\u00e9ro de TVA IT02151500424 info [at] ecodu.it &nbsp; TYPES DE DONN\u00c9ES COLLECT\u00c9ES &nbsp; Parmi les Donn\u00e9es Personnelles collect\u00e9es par cette Application, que ce soit de mani\u00e8re ind\u00e9pendante ou...","og_url":"https:\/\/www.ecodu.it\/fr\/privacy-policy\/","og_site_name":"ECODU","article_publisher":"https:\/\/www.facebook.com\/EcoDu.it","article_modified_time":"2021-06-08T11:15:22+00:00","twitter_card":"summary_large_image","twitter_misc":{"Dur\u00e9e de lecture estim\u00e9e":"8 minutes"},"schema":{"@context":"https:\/\/schema.org","@graph":[{"@type":"WebPage","@id":"https:\/\/www.ecodu.it\/fr\/privacy-policy\/","url":"https:\/\/www.ecodu.it\/fr\/privacy-policy\/","name":"Privacy Policy | ECODU","isPartOf":{"@id":"https:\/\/www.ecodu.it\/#website"},"datePublished":"2021-02-16T10:00:09+00:00","dateModified":"2021-06-08T11:15:22+00:00","breadcrumb":{"@id":"https:\/\/www.ecodu.it\/fr\/privacy-policy\/#breadcrumb"},"inLanguage":"fr-FR","potentialAction":[{"@type":"ReadAction","target":["https:\/\/www.ecodu.it\/fr\/privacy-policy\/"]}]},{"@type":"BreadcrumbList","@id":"https:\/\/www.ecodu.it\/fr\/privacy-policy\/#breadcrumb","itemListElement":[{"@type":"ListItem","position":1,"name":"Home","item":"https:\/\/www.ecodu.it\/fr\/home-page\/"},{"@type":"ListItem","position":2,"name":"Privacy Policy"}]},{"@type":"WebSite","@id":"https:\/\/www.ecodu.it\/#website","url":"https:\/\/www.ecodu.it\/","name":"EcoDu Food Packaging Solutions","description":"","publisher":{"@id":"https:\/\/www.ecodu.it\/#organization"},"potentialAction":[{"@type":"SearchAction","target":{"@type":"EntryPoint","urlTemplate":"https:\/\/www.ecodu.it\/?s={search_term_string}"},"query-input":{"@type":"PropertyValueSpecification","valueRequired":true,"valueName":"search_term_string"}}],"inLanguage":"fr-FR"},{"@type":"Organization","@id":"https:\/\/www.ecodu.it\/#organization","name":"ECODU Food Packaging Solutions","url":"https:\/\/www.ecodu.it\/","logo":{"@type":"ImageObject","inLanguage":"fr-FR","@id":"https:\/\/www.ecodu.it\/#\/schema\/logo\/image\/","url":"https:\/\/www.ecodu.it\/wp-content\/uploads\/2021\/02\/ecodu-logo-base.png","contentUrl":"https:\/\/www.ecodu.it\/wp-content\/uploads\/2021\/02\/ecodu-logo-base.png","width":596,"height":216,"caption":"ECODU Food Packaging Solutions"},"image":{"@id":"https:\/\/www.ecodu.it\/#\/schema\/logo\/image\/"},"sameAs":["https:\/\/www.facebook.com\/EcoDu.it","https:\/\/www.instagram.com\/ecodu.it\/","https:\/\/www.youtube.com\/channel\/UCdgyY6D1deylUb-MWUiqpFw"]}]}},"_links":{"self":[{"href":"https:\/\/www.ecodu.it\/fr\/wp-json\/wp\/v2\/pages\/2358","targetHints":{"allow":["GET"]}}],"collection":[{"href":"https:\/\/www.ecodu.it\/fr\/wp-json\/wp\/v2\/pages"}],"about":[{"href":"https:\/\/www.ecodu.it\/fr\/wp-json\/wp\/v2\/types\/page"}],"author":[{"embeddable":true,"href":"https:\/\/www.ecodu.it\/fr\/wp-json\/wp\/v2\/users\/2"}],"replies":[{"embeddable":true,"href":"https:\/\/www.ecodu.it\/fr\/wp-json\/wp\/v2\/comments?post=2358"}],"version-history":[{"count":0,"href":"https:\/\/www.ecodu.it\/fr\/wp-json\/wp\/v2\/pages\/2358\/revisions"}],"wp:attachment":[{"href":"https:\/\/www.ecodu.it\/fr\/wp-json\/wp\/v2\/media?parent=2358"}],"curies":[{"name":"wp","href":"https:\/\/api.w.org\/{rel}","templated":true}]}}