{"id":2236,"date":"2021-02-10T22:38:28","date_gmt":"2021-02-10T21:38:28","guid":{"rendered":"https:\/\/www.ecodu.it\/azienda\/"},"modified":"2021-06-07T13:48:36","modified_gmt":"2021-06-07T11:48:36","slug":"societe","status":"publish","type":"page","link":"https:\/\/www.ecodu.it\/fr\/societe\/","title":{"rendered":"Soci\u00e9t\u00e9"},"content":{"rendered":"\t\t<div data-elementor-type=\"wp-page\" data-elementor-id=\"2236\" class=\"elementor elementor-2236 elementor-19\" data-elementor-post-type=\"page\">\n\t\t\t\t\t\t<section class=\"elementor-section elementor-top-section elementor-element elementor-element-8a94dc2 elementor-section-full_width elementor-section-height-min-height elementor-section-stretched elementor-section-height-default elementor-section-items-middle parallax_section_no qode_elementor_container_no qode-content-aligment-left\" data-id=\"8a94dc2\" data-element_type=\"section\" data-settings=\"{&quot;stretch_section&quot;:&quot;section-stretched&quot;,&quot;background_background&quot;:&quot;classic&quot;}\">\n\t\t\t\t\t\t\t<div class=\"elementor-background-overlay\"><\/div>\n\t\t\t\t\t\t\t<div class=\"elementor-container elementor-column-gap-default\">\n\t\t\t\t\t<div class=\"elementor-column elementor-col-100 elementor-top-column elementor-element elementor-element-99ee586\" data-id=\"99ee586\" data-element_type=\"column\">\n\t\t\t<div class=\"elementor-widget-wrap\">\n\t\t\t\t\t\t\t<\/div>\n\t\t<\/div>\n\t\t\t\t\t<\/div>\n\t\t<\/section>\n\t\t\t\t<section class=\"elementor-section elementor-top-section elementor-element elementor-element-e37c29c elementor-section-boxed elementor-section-height-default elementor-section-height-default parallax_section_no qode_elementor_container_no qode-content-aligment-left\" data-id=\"e37c29c\" data-element_type=\"section\">\n\t\t\t\t\t\t<div class=\"elementor-container elementor-column-gap-default\">\n\t\t\t\t\t<div class=\"elementor-column elementor-col-100 elementor-top-column elementor-element elementor-element-416ad0e\" data-id=\"416ad0e\" data-element_type=\"column\">\n\t\t\t<div class=\"elementor-widget-wrap elementor-element-populated\">\n\t\t\t\t\t\t<div class=\"elementor-element elementor-element-d4f394e elementor-widget elementor-widget-heading\" data-id=\"d4f394e\" data-element_type=\"widget\" data-widget_type=\"heading.default\">\n\t\t\t\t<div class=\"elementor-widget-container\">\n\t\t\t<h2 class=\"elementor-heading-title elementor-size-default\">faire le bien est un art,<\/br>\nfaire le bien est une mission.<\/h2>\t\t<\/div>\n\t\t\t\t<\/div>\n\t\t\t\t\t<\/div>\n\t\t<\/div>\n\t\t\t\t\t<\/div>\n\t\t<\/section>\n\t\t\t\t<section class=\"elementor-section elementor-top-section elementor-element elementor-element-d06073f elementor-section-stretched elementor-section-boxed elementor-section-height-default elementor-section-height-default parallax_section_no qode_elementor_container_no qode-content-aligment-left\" data-id=\"d06073f\" data-element_type=\"section\" data-settings=\"{&quot;stretch_section&quot;:&quot;section-stretched&quot;}\">\n\t\t\t\t\t\t<div class=\"elementor-container elementor-column-gap-default\">\n\t\t\t\t\t<div class=\"elementor-column elementor-col-100 elementor-top-column elementor-element elementor-element-a293b41\" data-id=\"a293b41\" data-element_type=\"column\">\n\t\t\t<div class=\"elementor-widget-wrap elementor-element-populated\">\n\t\t\t\t\t\t<div class=\"elementor-element elementor-element-df7a433 elementor-widget elementor-widget-spacer\" data-id=\"df7a433\" data-element_type=\"widget\" data-widget_type=\"spacer.default\">\n\t\t\t\t<div class=\"elementor-widget-container\">\n\t\t\t\t\t<div class=\"elementor-spacer\">\n\t\t\t<div class=\"elementor-spacer-inner\"><\/div>\n\t\t<\/div>\n\t\t\t\t<\/div>\n\t\t\t\t<\/div>\n\t\t\t\t<section class=\"elementor-section elementor-inner-section elementor-element elementor-element-41a6ec6 elementor-section-full_width elementor-section-height-default elementor-section-height-default parallax_section_no qode_elementor_container_no qode-content-aligment-left\" data-id=\"41a6ec6\" data-element_type=\"section\">\n\t\t\t\t\t\t<div class=\"elementor-container elementor-column-gap-default\">\n\t\t\t\t\t<div class=\"elementor-column elementor-col-50 elementor-inner-column elementor-element elementor-element-f7f0dac\" data-id=\"f7f0dac\" data-element_type=\"column\">\n\t\t\t<div class=\"elementor-widget-wrap elementor-element-populated\">\n\t\t\t\t\t\t<div class=\"elementor-element elementor-element-2783c00 elementor-widget elementor-widget-heading\" data-id=\"2783c00\" data-element_type=\"widget\" data-widget_type=\"heading.default\">\n\t\t\t\t<div class=\"elementor-widget-container\">\n\t\t\t<h4 class=\"elementor-heading-title elementor-size-default\">a propos de nous <\/h4>\t\t<\/div>\n\t\t\t\t<\/div>\n\t\t\t\t\t<\/div>\n\t\t<\/div>\n\t\t\t\t<div class=\"elementor-column elementor-col-50 elementor-inner-column elementor-element elementor-element-d552b46\" data-id=\"d552b46\" data-element_type=\"column\">\n\t\t\t<div class=\"elementor-widget-wrap elementor-element-populated\">\n\t\t\t\t\t\t<div class=\"elementor-element elementor-element-d6137e1 elementor-widget elementor-widget-text-editor\" data-id=\"d6137e1\" data-element_type=\"widget\" data-widget_type=\"text-editor.default\">\n\t\t\t\t<div class=\"elementor-widget-container\">\n\t\t\t\t\t\t\t<p><span style=\"color: #307326;\"><strong>L&rsquo;entreprise<\/strong><\/span>, forte de soixante ans d&rsquo;exp\u00e9rience dans la production d&#8217;emballages alimentaires et pas seulement, contribue au d\u00e9veloppement technologique continu de l&rsquo;industrie du papier. La connaissance approfondie de la mati\u00e8re, a permis le d\u00e9veloppement d&rsquo;une marque, <span style=\"color: #307326;\"><b>certifi\u00e9e<\/b><\/span>, en ligne avec les besoins de ses clients et de la <span style=\"color: #307326;\"><b>nature<\/b><\/span>, depuis, avec un impact environnemental nul.<\/p>\t\t\t\t\t\t<\/div>\n\t\t\t\t<\/div>\n\t\t\t\t\t<\/div>\n\t\t<\/div>\n\t\t\t\t\t<\/div>\n\t\t<\/section>\n\t\t\t\t\t<\/div>\n\t\t<\/div>\n\t\t\t\t\t<\/div>\n\t\t<\/section>\n\t\t\t\t<section class=\"elementor-section elementor-top-section elementor-element elementor-element-6b6173a elementor-section-stretched elementor-section-boxed elementor-section-height-default elementor-section-height-default parallax_section_no qode_elementor_container_no qode-content-aligment-left\" data-id=\"6b6173a\" data-element_type=\"section\" data-settings=\"{&quot;stretch_section&quot;:&quot;section-stretched&quot;}\">\n\t\t\t\t\t\t<div class=\"elementor-container elementor-column-gap-default\">\n\t\t\t\t\t<div class=\"elementor-column elementor-col-100 elementor-top-column elementor-element elementor-element-3025e7a\" data-id=\"3025e7a\" data-element_type=\"column\">\n\t\t\t<div class=\"elementor-widget-wrap elementor-element-populated\">\n\t\t\t\t\t\t<div class=\"elementor-element elementor-element-fa07754 elementor-widget elementor-widget-spacer\" data-id=\"fa07754\" data-element_type=\"widget\" data-widget_type=\"spacer.default\">\n\t\t\t\t<div class=\"elementor-widget-container\">\n\t\t\t\t\t<div class=\"elementor-spacer\">\n\t\t\t<div class=\"elementor-spacer-inner\"><\/div>\n\t\t<\/div>\n\t\t\t\t<\/div>\n\t\t\t\t<\/div>\n\t\t\t\t<section class=\"elementor-section elementor-inner-section elementor-element elementor-element-3f5efbe elementor-section-full_width elementor-section-height-default elementor-section-height-default parallax_section_no qode_elementor_container_no qode-content-aligment-left\" data-id=\"3f5efbe\" data-element_type=\"section\">\n\t\t\t\t\t\t<div class=\"elementor-container elementor-column-gap-default\">\n\t\t\t\t\t<div class=\"elementor-column elementor-col-50 elementor-inner-column elementor-element elementor-element-7788b16\" data-id=\"7788b16\" data-element_type=\"column\">\n\t\t\t<div class=\"elementor-widget-wrap elementor-element-populated\">\n\t\t\t\t\t\t<div class=\"elementor-element elementor-element-b4b157f elementor-widget elementor-widget-heading\" data-id=\"b4b157f\" data-element_type=\"widget\" data-widget_type=\"heading.default\">\n\t\t\t\t<div class=\"elementor-widget-container\">\n\t\t\t<h4 class=\"elementor-heading-title elementor-size-default\"> mission<\/h4>\t\t<\/div>\n\t\t\t\t<\/div>\n\t\t\t\t\t<\/div>\n\t\t<\/div>\n\t\t\t\t<div class=\"elementor-column elementor-col-50 elementor-inner-column elementor-element elementor-element-8d4b029\" data-id=\"8d4b029\" data-element_type=\"column\">\n\t\t\t<div class=\"elementor-widget-wrap elementor-element-populated\">\n\t\t\t\t\t\t<div class=\"elementor-element elementor-element-de25fbc elementor-widget elementor-widget-text-editor\" data-id=\"de25fbc\" data-element_type=\"widget\" data-widget_type=\"text-editor.default\">\n\t\t\t\t<div class=\"elementor-widget-container\">\n\t\t\t\t\t\t\t<p>Une mission ambitieuse pour <span style=\"color: #307326;\"><strong>EcoDu<\/strong><\/span>, qui a embrass\u00e9 l&rsquo;\u00e9volution technique du papier, et se propose d\u00e9sormais sur le march\u00e9 national avec des produits <span style=\"color: #307326;\"><b>compostables<\/b><\/span>, inspir\u00e9s du design le plus contemporain et essentiel, au go\u00fbt exclusif et pratique.<\/p>\t\t\t\t\t\t<\/div>\n\t\t\t\t<\/div>\n\t\t\t\t\t<\/div>\n\t\t<\/div>\n\t\t\t\t\t<\/div>\n\t\t<\/section>\n\t\t\t\t\t<\/div>\n\t\t<\/div>\n\t\t\t\t\t<\/div>\n\t\t<\/section>\n\t\t\t\t<section class=\"elementor-section elementor-top-section elementor-element elementor-element-9db58f6 elementor-section-full_width elementor-section-height-min-height elementor-section-stretched elementor-section-height-default elementor-section-items-middle parallax_section_no qode_elementor_container_no qode-content-aligment-left\" data-id=\"9db58f6\" data-element_type=\"section\" data-settings=\"{&quot;stretch_section&quot;:&quot;section-stretched&quot;,&quot;background_background&quot;:&quot;classic&quot;}\">\n\t\t\t\t\t\t<div class=\"elementor-container elementor-column-gap-default\">\n\t\t\t\t\t<div class=\"elementor-column elementor-col-100 elementor-top-column elementor-element elementor-element-f37c0a5\" data-id=\"f37c0a5\" data-element_type=\"column\">\n\t\t\t<div class=\"elementor-widget-wrap\">\n\t\t\t\t\t\t\t<\/div>\n\t\t<\/div>\n\t\t\t\t\t<\/div>\n\t\t<\/section>\n\t\t\t\t<section class=\"elementor-section elementor-top-section elementor-element elementor-element-566d0f7 elementor-section-stretched elementor-section-boxed elementor-section-height-default elementor-section-height-default parallax_section_no qode_elementor_container_no qode-content-aligment-left\" data-id=\"566d0f7\" data-element_type=\"section\" data-settings=\"{&quot;stretch_section&quot;:&quot;section-stretched&quot;}\">\n\t\t\t\t\t\t<div class=\"elementor-container elementor-column-gap-default\">\n\t\t\t\t\t<div class=\"elementor-column elementor-col-100 elementor-top-column elementor-element elementor-element-557d8a8\" data-id=\"557d8a8\" data-element_type=\"column\">\n\t\t\t<div class=\"elementor-widget-wrap elementor-element-populated\">\n\t\t\t\t\t\t<section class=\"elementor-section elementor-inner-section elementor-element elementor-element-079c1f1 elementor-section-full_width elementor-section-height-default elementor-section-height-default parallax_section_no qode_elementor_container_no qode-content-aligment-left\" data-id=\"079c1f1\" data-element_type=\"section\">\n\t\t\t\t\t\t<div class=\"elementor-container elementor-column-gap-default\">\n\t\t\t\t\t<div class=\"elementor-column elementor-col-100 elementor-inner-column elementor-element elementor-element-bc49d4a\" data-id=\"bc49d4a\" data-element_type=\"column\" data-settings=\"{&quot;background_background&quot;:&quot;classic&quot;}\">\n\t\t\t<div class=\"elementor-widget-wrap elementor-element-populated\">\n\t\t\t\t\t\t<div class=\"elementor-element elementor-element-a86b762 elementor-widget elementor-widget-spacer\" data-id=\"a86b762\" data-element_type=\"widget\" data-widget_type=\"spacer.default\">\n\t\t\t\t<div class=\"elementor-widget-container\">\n\t\t\t\t\t<div class=\"elementor-spacer\">\n\t\t\t<div class=\"elementor-spacer-inner\"><\/div>\n\t\t<\/div>\n\t\t\t\t<\/div>\n\t\t\t\t<\/div>\n\t\t\t\t<div class=\"elementor-element elementor-element-a84ef68 elementor-widget elementor-widget-text-editor\" data-id=\"a84ef68\" data-element_type=\"widget\" data-widget_type=\"text-editor.default\">\n\t\t\t\t<div class=\"elementor-widget-container\">\n\t\t\t\t\t\t\t<p style=\"text-align: center;\">Face \u00e0 la distraction de notre esp\u00e8ce, qui ne peut croire qu&rsquo;elle s&rsquo;approche de l&rsquo;ab\u00eeme tant qu&rsquo;elle n&rsquo;y est pas tomb\u00e9e, il semble presque que personne ne croit \u00e0 la pr\u00e9sence de l&rsquo;environnement jusqu&rsquo;\u00e0 ce qu&rsquo;il devienne hostile et provoque terreur et destruction.<\/p>\t\t\t\t\t\t<\/div>\n\t\t\t\t<\/div>\n\t\t\t\t<div class=\"elementor-element elementor-element-79dd204 elementor-widget elementor-widget-text-editor\" data-id=\"79dd204\" data-element_type=\"widget\" data-widget_type=\"text-editor.default\">\n\t\t\t\t<div class=\"elementor-widget-container\">\n\t\t\t\t\t\t\t<p style=\"text-align: center;\">La durabilit\u00e9 est la voie \u00e0 suivre, pas une mode.<br \/>Telle est notre <span style=\"color: #307326;\"><strong>vision<\/strong>.<\/span><\/p>\t\t\t\t\t\t<\/div>\n\t\t\t\t<\/div>\n\t\t\t\t\t<\/div>\n\t\t<\/div>\n\t\t\t\t\t<\/div>\n\t\t<\/section>\n\t\t\t\t\t<\/div>\n\t\t<\/div>\n\t\t\t\t\t<\/div>\n\t\t<\/section>\n\t\t\t\t<\/div>\n\t\t","protected":false},"excerpt":{"rendered":"<p>faire le bien est un art, faire le bien est une mission. a propos de nous L&rsquo;entreprise, forte de soixante ans d&rsquo;exp\u00e9rience dans la production d&#8217;emballages alimentaires et pas seulement, contribue au d\u00e9veloppement technologique continu de l&rsquo;industrie du papier. La connaissance approfondie de la mati\u00e8re,&#8230;<\/p>\n","protected":false},"author":2,"featured_media":0,"parent":0,"menu_order":0,"comment_status":"closed","ping_status":"closed","template":"full_width.php","meta":{"_joinchat":[],"footnotes":""},"class_list":["post-2236","page","type-page","status-publish","hentry"],"yoast_head":"<!-- This site is optimized with the Yoast SEO plugin v27.3 - https:\/\/yoast.com\/product\/yoast-seo-wordpress\/ -->\n<title>Soci\u00e9t\u00e9 | ECODU<\/title>\n<meta name=\"robots\" content=\"index, follow, max-snippet:-1, max-image-preview:large, max-video-preview:-1\" \/>\n<link rel=\"canonical\" href=\"https:\/\/www.ecodu.it\/fr\/societe\/\" \/>\n<meta property=\"og:locale\" content=\"fr_FR\" \/>\n<meta property=\"og:type\" content=\"article\" \/>\n<meta property=\"og:title\" content=\"Soci\u00e9t\u00e9 | ECODU\" \/>\n<meta property=\"og:description\" content=\"faire le bien est un art, faire le bien est une mission. a propos de nous L&rsquo;entreprise, forte de soixante ans d&rsquo;exp\u00e9rience dans la production d&#8217;emballages alimentaires et pas seulement, contribue au d\u00e9veloppement technologique continu de l&rsquo;industrie du papier. La connaissance approfondie de la mati\u00e8re,...\" \/>\n<meta property=\"og:url\" content=\"https:\/\/www.ecodu.it\/fr\/societe\/\" \/>\n<meta property=\"og:site_name\" content=\"ECODU\" \/>\n<meta property=\"article:publisher\" content=\"https:\/\/www.facebook.com\/EcoDu.it\" \/>\n<meta property=\"article:modified_time\" content=\"2021-06-07T11:48:36+00:00\" \/>\n<meta name=\"twitter:card\" content=\"summary_large_image\" \/>\n<meta name=\"twitter:label1\" content=\"Dur\u00e9e de lecture estim\u00e9e\" \/>\n\t<meta name=\"twitter:data1\" content=\"1 minute\" \/>\n<script type=\"application\/ld+json\" class=\"yoast-schema-graph\">{\"@context\":\"https:\\\/\\\/schema.org\",\"@graph\":[{\"@type\":\"WebPage\",\"@id\":\"https:\\\/\\\/www.ecodu.it\\\/fr\\\/societe\\\/\",\"url\":\"https:\\\/\\\/www.ecodu.it\\\/fr\\\/societe\\\/\",\"name\":\"Soci\u00e9t\u00e9 | ECODU\",\"isPartOf\":{\"@id\":\"https:\\\/\\\/www.ecodu.it\\\/#website\"},\"datePublished\":\"2021-02-10T21:38:28+00:00\",\"dateModified\":\"2021-06-07T11:48:36+00:00\",\"breadcrumb\":{\"@id\":\"https:\\\/\\\/www.ecodu.it\\\/fr\\\/societe\\\/#breadcrumb\"},\"inLanguage\":\"fr-FR\",\"potentialAction\":[{\"@type\":\"ReadAction\",\"target\":[\"https:\\\/\\\/www.ecodu.it\\\/fr\\\/societe\\\/\"]}]},{\"@type\":\"BreadcrumbList\",\"@id\":\"https:\\\/\\\/www.ecodu.it\\\/fr\\\/societe\\\/#breadcrumb\",\"itemListElement\":[{\"@type\":\"ListItem\",\"position\":1,\"name\":\"Home\",\"item\":\"https:\\\/\\\/www.ecodu.it\\\/fr\\\/home-page\\\/\"},{\"@type\":\"ListItem\",\"position\":2,\"name\":\"Soci\u00e9t\u00e9\"}]},{\"@type\":\"WebSite\",\"@id\":\"https:\\\/\\\/www.ecodu.it\\\/#website\",\"url\":\"https:\\\/\\\/www.ecodu.it\\\/\",\"name\":\"EcoDu Food Packaging Solutions\",\"description\":\"\",\"publisher\":{\"@id\":\"https:\\\/\\\/www.ecodu.it\\\/#organization\"},\"potentialAction\":[{\"@type\":\"SearchAction\",\"target\":{\"@type\":\"EntryPoint\",\"urlTemplate\":\"https:\\\/\\\/www.ecodu.it\\\/?s={search_term_string}\"},\"query-input\":{\"@type\":\"PropertyValueSpecification\",\"valueRequired\":true,\"valueName\":\"search_term_string\"}}],\"inLanguage\":\"fr-FR\"},{\"@type\":\"Organization\",\"@id\":\"https:\\\/\\\/www.ecodu.it\\\/#organization\",\"name\":\"ECODU Food Packaging Solutions\",\"url\":\"https:\\\/\\\/www.ecodu.it\\\/\",\"logo\":{\"@type\":\"ImageObject\",\"inLanguage\":\"fr-FR\",\"@id\":\"https:\\\/\\\/www.ecodu.it\\\/#\\\/schema\\\/logo\\\/image\\\/\",\"url\":\"https:\\\/\\\/www.ecodu.it\\\/wp-content\\\/uploads\\\/2021\\\/02\\\/ecodu-logo-base.png\",\"contentUrl\":\"https:\\\/\\\/www.ecodu.it\\\/wp-content\\\/uploads\\\/2021\\\/02\\\/ecodu-logo-base.png\",\"width\":596,\"height\":216,\"caption\":\"ECODU Food Packaging Solutions\"},\"image\":{\"@id\":\"https:\\\/\\\/www.ecodu.it\\\/#\\\/schema\\\/logo\\\/image\\\/\"},\"sameAs\":[\"https:\\\/\\\/www.facebook.com\\\/EcoDu.it\",\"https:\\\/\\\/www.instagram.com\\\/ecodu.it\\\/\",\"https:\\\/\\\/www.youtube.com\\\/channel\\\/UCdgyY6D1deylUb-MWUiqpFw\"]}]}<\/script>\n<!-- \/ Yoast SEO plugin. -->","yoast_head_json":{"title":"Soci\u00e9t\u00e9 | ECODU","robots":{"index":"index","follow":"follow","max-snippet":"max-snippet:-1","max-image-preview":"max-image-preview:large","max-video-preview":"max-video-preview:-1"},"canonical":"https:\/\/www.ecodu.it\/fr\/societe\/","og_locale":"fr_FR","og_type":"article","og_title":"Soci\u00e9t\u00e9 | ECODU","og_description":"faire le bien est un art, faire le bien est une mission. a propos de nous L&rsquo;entreprise, forte de soixante ans d&rsquo;exp\u00e9rience dans la production d&#8217;emballages alimentaires et pas seulement, contribue au d\u00e9veloppement technologique continu de l&rsquo;industrie du papier. La connaissance approfondie de la mati\u00e8re,...","og_url":"https:\/\/www.ecodu.it\/fr\/societe\/","og_site_name":"ECODU","article_publisher":"https:\/\/www.facebook.com\/EcoDu.it","article_modified_time":"2021-06-07T11:48:36+00:00","twitter_card":"summary_large_image","twitter_misc":{"Dur\u00e9e de lecture estim\u00e9e":"1 minute"},"schema":{"@context":"https:\/\/schema.org","@graph":[{"@type":"WebPage","@id":"https:\/\/www.ecodu.it\/fr\/societe\/","url":"https:\/\/www.ecodu.it\/fr\/societe\/","name":"Soci\u00e9t\u00e9 | ECODU","isPartOf":{"@id":"https:\/\/www.ecodu.it\/#website"},"datePublished":"2021-02-10T21:38:28+00:00","dateModified":"2021-06-07T11:48:36+00:00","breadcrumb":{"@id":"https:\/\/www.ecodu.it\/fr\/societe\/#breadcrumb"},"inLanguage":"fr-FR","potentialAction":[{"@type":"ReadAction","target":["https:\/\/www.ecodu.it\/fr\/societe\/"]}]},{"@type":"BreadcrumbList","@id":"https:\/\/www.ecodu.it\/fr\/societe\/#breadcrumb","itemListElement":[{"@type":"ListItem","position":1,"name":"Home","item":"https:\/\/www.ecodu.it\/fr\/home-page\/"},{"@type":"ListItem","position":2,"name":"Soci\u00e9t\u00e9"}]},{"@type":"WebSite","@id":"https:\/\/www.ecodu.it\/#website","url":"https:\/\/www.ecodu.it\/","name":"EcoDu Food Packaging Solutions","description":"","publisher":{"@id":"https:\/\/www.ecodu.it\/#organization"},"potentialAction":[{"@type":"SearchAction","target":{"@type":"EntryPoint","urlTemplate":"https:\/\/www.ecodu.it\/?s={search_term_string}"},"query-input":{"@type":"PropertyValueSpecification","valueRequired":true,"valueName":"search_term_string"}}],"inLanguage":"fr-FR"},{"@type":"Organization","@id":"https:\/\/www.ecodu.it\/#organization","name":"ECODU Food Packaging Solutions","url":"https:\/\/www.ecodu.it\/","logo":{"@type":"ImageObject","inLanguage":"fr-FR","@id":"https:\/\/www.ecodu.it\/#\/schema\/logo\/image\/","url":"https:\/\/www.ecodu.it\/wp-content\/uploads\/2021\/02\/ecodu-logo-base.png","contentUrl":"https:\/\/www.ecodu.it\/wp-content\/uploads\/2021\/02\/ecodu-logo-base.png","width":596,"height":216,"caption":"ECODU Food Packaging Solutions"},"image":{"@id":"https:\/\/www.ecodu.it\/#\/schema\/logo\/image\/"},"sameAs":["https:\/\/www.facebook.com\/EcoDu.it","https:\/\/www.instagram.com\/ecodu.it\/","https:\/\/www.youtube.com\/channel\/UCdgyY6D1deylUb-MWUiqpFw"]}]}},"_links":{"self":[{"href":"https:\/\/www.ecodu.it\/fr\/wp-json\/wp\/v2\/pages\/2236","targetHints":{"allow":["GET"]}}],"collection":[{"href":"https:\/\/www.ecodu.it\/fr\/wp-json\/wp\/v2\/pages"}],"about":[{"href":"https:\/\/www.ecodu.it\/fr\/wp-json\/wp\/v2\/types\/page"}],"author":[{"embeddable":true,"href":"https:\/\/www.ecodu.it\/fr\/wp-json\/wp\/v2\/users\/2"}],"replies":[{"embeddable":true,"href":"https:\/\/www.ecodu.it\/fr\/wp-json\/wp\/v2\/comments?post=2236"}],"version-history":[{"count":0,"href":"https:\/\/www.ecodu.it\/fr\/wp-json\/wp\/v2\/pages\/2236\/revisions"}],"wp:attachment":[{"href":"https:\/\/www.ecodu.it\/fr\/wp-json\/wp\/v2\/media?parent=2236"}],"curies":[{"name":"wp","href":"https:\/\/api.w.org\/{rel}","templated":true}]}}