{"id":1971,"date":"2021-02-16T11:00:22","date_gmt":"2021-02-16T10:00:22","guid":{"rendered":"https:\/\/www.ecodu.it\/cookie-policy\/"},"modified":"2024-03-07T15:57:05","modified_gmt":"2024-03-07T14:57:05","slug":"cookie-policy","status":"publish","type":"page","link":"https:\/\/www.ecodu.it\/en\/cookie-policy\/","title":{"rendered":"Cookie Policy"},"content":{"rendered":"\t\t<div data-elementor-type=\"wp-page\" data-elementor-id=\"1971\" class=\"elementor elementor-1971 elementor-696\" data-elementor-post-type=\"page\">\n\t\t\t\t<div class=\"elementor-element elementor-element-2215e83c e-flex e-con-boxed e-con e-parent\" data-id=\"2215e83c\" data-element_type=\"container\">\n\t\t\t\t\t<div class=\"e-con-inner\">\n\t\t\t\t<div class=\"elementor-element elementor-element-6ed4fa02 elementor-widget elementor-widget-text-editor\" data-id=\"6ed4fa02\" data-element_type=\"widget\" data-widget_type=\"text-editor.default\">\n\t\t\t\t<div class=\"elementor-widget-container\">\n\t\t\t\t\t\t\t<h3>LA NOSTRA POLITICA SUI COOKIE<\/h3>\n<p>La presente Policy sui Cookies descrive il modo in cui i cookies sono utilizzati nel presente sito internet e il modo in cui potete abilitare o disabilitare i cookies.<br \/>I cookie sono piccole porzioni di dati generati dai siti web che visiti. Essi vengono memorizzati e utilizzati per migliorare l\u2019esperienza di utilizzo di un sito, permettendo di mantenere le informazioni tra le pagine ed anche di analizzare il modo in cui interagite con il sito.<br \/>I cookies sono sicuri, non registrano alcuna informazione personale su un utente, e le informazioni immagazzinate in esso possono riguardare l\u2019utente, le sue preferenze o il dispositivo di accesso a Internet (computer, tablet o cellulare) e vengono utilizzate principalmente per adeguare il funzionamento del sito alle aspettative dell\u2019utente, offrendo un\u2019esperienza di navigazione pi\u00f9 personalizzata.<br \/>Di seguito \u00e8 possibile saperne di pi\u00f9 sui vari modi in cui utilizziamo i cookie. Se lo si desidera, \u00e8 possibile impedire il salvataggio di alcuni o tutti i cookie.<\/p>\n<h3>IL SITO USA ESCLUSIVAMENTE\u00a0COOKIE TECNICI<\/h3>\n<p>Sono cookie di navigazione o di sessione, che garantiscono la normale navigazione e fruizione del sito web (permettendo, ad esempio, di realizzare un acquisto o autenticarsi per accedere ad aree riservate), i cookie analytics, assimilati ai cookie tecnici laddove utilizzati direttamente dal gestore del sito per raccogliere informazioni sul numero degli utenti e su come questi visitano il sito stesso. Gli IP sono stati stati preventivamente resi anonimi nei dati raccolti dal suddetto cookie.<\/p>\n<h3>\u00a0<\/h3>\n<h3>RINUNCIA AI COOKIE<\/h3>\n<p>In caso di preoccupazioni sull\u2019utilizzo dei cookie, \u00e8 possibile intervenire e impedirne l\u2019impostazione, ad esempio modificando la configurazione del browser per bloccarne determinati tipi. Per informazioni dettagliate sulla procedura necessaria \u00e8 possibile consultare la guida del browser:<br \/>\u2022\u00a0<a href=\"https:\/\/windows.microsoft.com\/it-it\/windows7\/block-enable-or-allow-cookies\" target=\"_blank\" rel=\"noopener\">Internet Explorer<\/a>,<br \/>\u2022\u00a0<a href=\"https:\/\/support.mozilla.org\/it\/kb\/Attivare%20e%20disattivare%20i%20cookie\" target=\"_blank\" rel=\"noopener\">Firefox<\/a>,<br \/>\u2022\u00a0<a href=\"https:\/\/support.google.com\/accounts\/answer\/61416?hl=it\" target=\"_blank\" rel=\"noopener\">Chrome<\/a>,<br \/>\u2022\u00a0<a href=\"https:\/\/support.apple.com\/it-it\/HT201265\" target=\"_blank\" rel=\"noopener\">Safari<\/a>,<br \/>\u2022\u00a0<a href=\"https:\/\/help.opera.com\/Windows\/12.10\/it\/cookies.html\" target=\"_blank\" rel=\"noopener\">Opera<\/a><br \/>\u2022\u00a0<a href=\"https:\/\/tools.google.com\/dlpage\/gaoptout?hl=it\" target=\"_blank\" rel=\"noopener\">Bloccare Google Analytics<\/a><\/p>\n<h3>IL SUO STATO ATTUALE &#8211; MODIFICA PREFERENZE COOKIE:<\/h3>\n<p>\u00c9 possibile consultare il suo stato attuale di selezione delle preferenze per questa applicazione, consultare la lista dei cookie utilizzati da questa applicazione o <a class=\"cky-banner-element\" href=\"#\">Modifica il suo Consenso<\/a><\/p>\n<h3>\u00a0<\/h3>\n<h3>Riferimenti legali<\/h3>\n<p>Avviso agli Utenti europei: La presente informativa privacy \u00e8 redatta in adempimento degli obblighi previsti dall\u2019Art. 10 della Direttiva n. 95\/46\/CE, nonch\u00e9 a quanto previsto dalla Direttiva 2002\/58\/CE, come aggiornata dalla Direttiva 2009\/136\/CE, in materia di Cookie ed ai sensi degli art. 13-14 del gdpr (general data protection regulation) 2016\/679. Secondo le normative indicate, tale trattamento sar\u00e0 improntato ai principi di correttezza, liceit\u00e0, trasparenza e di tutela della Sua riservatezza e dei Suoi diritti. Ove non diversamente specificato, questa informativa privacy riguarda esclusivamente questa Applicazione.<\/p>\n<p>Ultima modifica: 05 Marzo 2024<\/p>\n\t\t\t\t\t\t<\/div>\n\t\t\t\t<\/div>\n\t\t\t\t\t<\/div>\n\t\t\t\t<\/div>\n\t\t\t\t<\/div>\n\t\t","protected":false},"excerpt":{"rendered":"<p>LA NOSTRA POLITICA SUI COOKIE La presente Policy sui Cookies descrive il modo in cui i cookies sono utilizzati nel presente sito internet e il modo in cui potete abilitare o disabilitare i cookies.I cookie sono piccole porzioni di dati generati dai siti web che&#8230;<\/p>\n","protected":false},"author":2,"featured_media":0,"parent":0,"menu_order":0,"comment_status":"closed","ping_status":"closed","template":"","meta":{"_joinchat":[],"footnotes":""},"class_list":["post-1971","page","type-page","status-publish","hentry"],"yoast_head":"<!-- This site is optimized with the Yoast SEO plugin v27.3 - https:\/\/yoast.com\/product\/yoast-seo-wordpress\/ -->\n<title>Cookie Policy | ECODU<\/title>\n<meta name=\"robots\" content=\"index, follow, max-snippet:-1, max-image-preview:large, max-video-preview:-1\" \/>\n<link rel=\"canonical\" href=\"https:\/\/www.ecodu.it\/en\/cookie-policy\/\" \/>\n<meta property=\"og:locale\" content=\"en_US\" \/>\n<meta property=\"og:type\" content=\"article\" \/>\n<meta property=\"og:title\" content=\"Cookie Policy | ECODU\" \/>\n<meta property=\"og:description\" content=\"LA NOSTRA POLITICA SUI COOKIE La presente Policy sui Cookies descrive il modo in cui i cookies sono utilizzati nel presente sito internet e il modo in cui potete abilitare o disabilitare i cookies.I cookie sono piccole porzioni di dati generati dai siti web che...\" \/>\n<meta property=\"og:url\" content=\"https:\/\/www.ecodu.it\/en\/cookie-policy\/\" \/>\n<meta property=\"og:site_name\" content=\"ECODU\" \/>\n<meta property=\"article:publisher\" content=\"https:\/\/www.facebook.com\/EcoDu.it\" \/>\n<meta property=\"article:modified_time\" content=\"2024-03-07T14:57:05+00:00\" \/>\n<meta name=\"twitter:card\" content=\"summary_large_image\" \/>\n<meta name=\"twitter:label1\" content=\"Est. reading time\" \/>\n\t<meta name=\"twitter:data1\" content=\"2 minutes\" \/>\n<script type=\"application\/ld+json\" class=\"yoast-schema-graph\">{\"@context\":\"https:\\\/\\\/schema.org\",\"@graph\":[{\"@type\":\"WebPage\",\"@id\":\"https:\\\/\\\/www.ecodu.it\\\/en\\\/cookie-policy\\\/\",\"url\":\"https:\\\/\\\/www.ecodu.it\\\/en\\\/cookie-policy\\\/\",\"name\":\"Cookie Policy | ECODU\",\"isPartOf\":{\"@id\":\"https:\\\/\\\/www.ecodu.it\\\/#website\"},\"datePublished\":\"2021-02-16T10:00:22+00:00\",\"dateModified\":\"2024-03-07T14:57:05+00:00\",\"breadcrumb\":{\"@id\":\"https:\\\/\\\/www.ecodu.it\\\/en\\\/cookie-policy\\\/#breadcrumb\"},\"inLanguage\":\"en-US\",\"potentialAction\":[{\"@type\":\"ReadAction\",\"target\":[\"https:\\\/\\\/www.ecodu.it\\\/en\\\/cookie-policy\\\/\"]}]},{\"@type\":\"BreadcrumbList\",\"@id\":\"https:\\\/\\\/www.ecodu.it\\\/en\\\/cookie-policy\\\/#breadcrumb\",\"itemListElement\":[{\"@type\":\"ListItem\",\"position\":1,\"name\":\"Home\",\"item\":\"https:\\\/\\\/www.ecodu.it\\\/en\\\/home-page\\\/\"},{\"@type\":\"ListItem\",\"position\":2,\"name\":\"Cookie Policy\"}]},{\"@type\":\"WebSite\",\"@id\":\"https:\\\/\\\/www.ecodu.it\\\/#website\",\"url\":\"https:\\\/\\\/www.ecodu.it\\\/\",\"name\":\"EcoDu Food Packaging Solutions\",\"description\":\"\",\"publisher\":{\"@id\":\"https:\\\/\\\/www.ecodu.it\\\/#organization\"},\"potentialAction\":[{\"@type\":\"SearchAction\",\"target\":{\"@type\":\"EntryPoint\",\"urlTemplate\":\"https:\\\/\\\/www.ecodu.it\\\/?s={search_term_string}\"},\"query-input\":{\"@type\":\"PropertyValueSpecification\",\"valueRequired\":true,\"valueName\":\"search_term_string\"}}],\"inLanguage\":\"en-US\"},{\"@type\":\"Organization\",\"@id\":\"https:\\\/\\\/www.ecodu.it\\\/#organization\",\"name\":\"ECODU Food Packaging Solutions\",\"url\":\"https:\\\/\\\/www.ecodu.it\\\/\",\"logo\":{\"@type\":\"ImageObject\",\"inLanguage\":\"en-US\",\"@id\":\"https:\\\/\\\/www.ecodu.it\\\/#\\\/schema\\\/logo\\\/image\\\/\",\"url\":\"https:\\\/\\\/www.ecodu.it\\\/wp-content\\\/uploads\\\/2021\\\/02\\\/ecodu-logo-base.png\",\"contentUrl\":\"https:\\\/\\\/www.ecodu.it\\\/wp-content\\\/uploads\\\/2021\\\/02\\\/ecodu-logo-base.png\",\"width\":596,\"height\":216,\"caption\":\"ECODU Food Packaging Solutions\"},\"image\":{\"@id\":\"https:\\\/\\\/www.ecodu.it\\\/#\\\/schema\\\/logo\\\/image\\\/\"},\"sameAs\":[\"https:\\\/\\\/www.facebook.com\\\/EcoDu.it\",\"https:\\\/\\\/www.instagram.com\\\/ecodu.it\\\/\",\"https:\\\/\\\/www.youtube.com\\\/channel\\\/UCdgyY6D1deylUb-MWUiqpFw\"]}]}<\/script>\n<!-- \/ Yoast SEO plugin. -->","yoast_head_json":{"title":"Cookie Policy | ECODU","robots":{"index":"index","follow":"follow","max-snippet":"max-snippet:-1","max-image-preview":"max-image-preview:large","max-video-preview":"max-video-preview:-1"},"canonical":"https:\/\/www.ecodu.it\/en\/cookie-policy\/","og_locale":"en_US","og_type":"article","og_title":"Cookie Policy | ECODU","og_description":"LA NOSTRA POLITICA SUI COOKIE La presente Policy sui Cookies descrive il modo in cui i cookies sono utilizzati nel presente sito internet e il modo in cui potete abilitare o disabilitare i cookies.I cookie sono piccole porzioni di dati generati dai siti web che...","og_url":"https:\/\/www.ecodu.it\/en\/cookie-policy\/","og_site_name":"ECODU","article_publisher":"https:\/\/www.facebook.com\/EcoDu.it","article_modified_time":"2024-03-07T14:57:05+00:00","twitter_card":"summary_large_image","twitter_misc":{"Est. reading time":"2 minutes"},"schema":{"@context":"https:\/\/schema.org","@graph":[{"@type":"WebPage","@id":"https:\/\/www.ecodu.it\/en\/cookie-policy\/","url":"https:\/\/www.ecodu.it\/en\/cookie-policy\/","name":"Cookie Policy | ECODU","isPartOf":{"@id":"https:\/\/www.ecodu.it\/#website"},"datePublished":"2021-02-16T10:00:22+00:00","dateModified":"2024-03-07T14:57:05+00:00","breadcrumb":{"@id":"https:\/\/www.ecodu.it\/en\/cookie-policy\/#breadcrumb"},"inLanguage":"en-US","potentialAction":[{"@type":"ReadAction","target":["https:\/\/www.ecodu.it\/en\/cookie-policy\/"]}]},{"@type":"BreadcrumbList","@id":"https:\/\/www.ecodu.it\/en\/cookie-policy\/#breadcrumb","itemListElement":[{"@type":"ListItem","position":1,"name":"Home","item":"https:\/\/www.ecodu.it\/en\/home-page\/"},{"@type":"ListItem","position":2,"name":"Cookie Policy"}]},{"@type":"WebSite","@id":"https:\/\/www.ecodu.it\/#website","url":"https:\/\/www.ecodu.it\/","name":"EcoDu Food Packaging Solutions","description":"","publisher":{"@id":"https:\/\/www.ecodu.it\/#organization"},"potentialAction":[{"@type":"SearchAction","target":{"@type":"EntryPoint","urlTemplate":"https:\/\/www.ecodu.it\/?s={search_term_string}"},"query-input":{"@type":"PropertyValueSpecification","valueRequired":true,"valueName":"search_term_string"}}],"inLanguage":"en-US"},{"@type":"Organization","@id":"https:\/\/www.ecodu.it\/#organization","name":"ECODU Food Packaging Solutions","url":"https:\/\/www.ecodu.it\/","logo":{"@type":"ImageObject","inLanguage":"en-US","@id":"https:\/\/www.ecodu.it\/#\/schema\/logo\/image\/","url":"https:\/\/www.ecodu.it\/wp-content\/uploads\/2021\/02\/ecodu-logo-base.png","contentUrl":"https:\/\/www.ecodu.it\/wp-content\/uploads\/2021\/02\/ecodu-logo-base.png","width":596,"height":216,"caption":"ECODU Food Packaging Solutions"},"image":{"@id":"https:\/\/www.ecodu.it\/#\/schema\/logo\/image\/"},"sameAs":["https:\/\/www.facebook.com\/EcoDu.it","https:\/\/www.instagram.com\/ecodu.it\/","https:\/\/www.youtube.com\/channel\/UCdgyY6D1deylUb-MWUiqpFw"]}]}},"_links":{"self":[{"href":"https:\/\/www.ecodu.it\/en\/wp-json\/wp\/v2\/pages\/1971","targetHints":{"allow":["GET"]}}],"collection":[{"href":"https:\/\/www.ecodu.it\/en\/wp-json\/wp\/v2\/pages"}],"about":[{"href":"https:\/\/www.ecodu.it\/en\/wp-json\/wp\/v2\/types\/page"}],"author":[{"embeddable":true,"href":"https:\/\/www.ecodu.it\/en\/wp-json\/wp\/v2\/users\/2"}],"replies":[{"embeddable":true,"href":"https:\/\/www.ecodu.it\/en\/wp-json\/wp\/v2\/comments?post=1971"}],"version-history":[{"count":1,"href":"https:\/\/www.ecodu.it\/en\/wp-json\/wp\/v2\/pages\/1971\/revisions"}],"predecessor-version":[{"id":11998,"href":"https:\/\/www.ecodu.it\/en\/wp-json\/wp\/v2\/pages\/1971\/revisions\/11998"}],"wp:attachment":[{"href":"https:\/\/www.ecodu.it\/en\/wp-json\/wp\/v2\/media?parent=1971"}],"curies":[{"name":"wp","href":"https:\/\/api.w.org\/{rel}","templated":true}]}}