{"id":2625,"date":"2021-02-10T22:38:28","date_gmt":"2021-02-10T21:38:28","guid":{"rendered":"https:\/\/www.ecodu.it\/azienda\/"},"modified":"2022-05-31T18:24:23","modified_gmt":"2022-05-31T16:24:23","slug":"unternehmen","status":"publish","type":"page","link":"https:\/\/www.ecodu.it\/de\/unternehmen\/","title":{"rendered":"UNTERNEHMEN"},"content":{"rendered":"\t\t<div data-elementor-type=\"wp-page\" data-elementor-id=\"2625\" class=\"elementor elementor-2625 elementor-19\" data-elementor-post-type=\"page\">\n\t\t\t\t\t\t<section class=\"elementor-section elementor-top-section elementor-element elementor-element-8a94dc2 elementor-section-full_width elementor-section-height-min-height elementor-section-stretched elementor-section-height-default elementor-section-items-middle parallax_section_no qode_elementor_container_no qode-content-aligment-left\" data-id=\"8a94dc2\" data-element_type=\"section\" data-settings=\"{&quot;stretch_section&quot;:&quot;section-stretched&quot;,&quot;background_background&quot;:&quot;classic&quot;}\">\n\t\t\t\t\t\t\t<div class=\"elementor-background-overlay\"><\/div>\n\t\t\t\t\t\t\t<div class=\"elementor-container elementor-column-gap-default\">\n\t\t\t\t\t<div class=\"elementor-column elementor-col-100 elementor-top-column elementor-element elementor-element-99ee586\" data-id=\"99ee586\" data-element_type=\"column\">\n\t\t\t<div class=\"elementor-widget-wrap\">\n\t\t\t\t\t\t\t<\/div>\n\t\t<\/div>\n\t\t\t\t\t<\/div>\n\t\t<\/section>\n\t\t\t\t<section class=\"elementor-section elementor-top-section elementor-element elementor-element-e37c29c elementor-section-boxed elementor-section-height-default elementor-section-height-default parallax_section_no qode_elementor_container_no qode-content-aligment-left\" data-id=\"e37c29c\" data-element_type=\"section\">\n\t\t\t\t\t\t<div class=\"elementor-container elementor-column-gap-default\">\n\t\t\t\t\t<div class=\"elementor-column elementor-col-100 elementor-top-column elementor-element elementor-element-416ad0e\" data-id=\"416ad0e\" data-element_type=\"column\">\n\t\t\t<div class=\"elementor-widget-wrap elementor-element-populated\">\n\t\t\t\t\t\t<div class=\"elementor-element elementor-element-d4f394e elementor-widget elementor-widget-heading\" data-id=\"d4f394e\" data-element_type=\"widget\" data-widget_type=\"heading.default\">\n\t\t\t\t<div class=\"elementor-widget-container\">\n\t\t\t<h2 class=\"elementor-heading-title elementor-size-default\">GUT ZU TUN IST EINE KUNST,<\/br>\nGUTES ZU TUN IST EINE MISSION.<\/h2>\t\t<\/div>\n\t\t\t\t<\/div>\n\t\t\t\t\t<\/div>\n\t\t<\/div>\n\t\t\t\t\t<\/div>\n\t\t<\/section>\n\t\t\t\t<section class=\"elementor-section elementor-top-section elementor-element elementor-element-d06073f elementor-section-stretched elementor-section-boxed elementor-section-height-default elementor-section-height-default parallax_section_no qode_elementor_container_no qode-content-aligment-left\" data-id=\"d06073f\" data-element_type=\"section\" data-settings=\"{&quot;stretch_section&quot;:&quot;section-stretched&quot;}\">\n\t\t\t\t\t\t<div class=\"elementor-container elementor-column-gap-default\">\n\t\t\t\t\t<div class=\"elementor-column elementor-col-100 elementor-top-column elementor-element elementor-element-a293b41\" data-id=\"a293b41\" data-element_type=\"column\">\n\t\t\t<div class=\"elementor-widget-wrap elementor-element-populated\">\n\t\t\t\t\t\t<div class=\"elementor-element elementor-element-df7a433 elementor-widget elementor-widget-spacer\" data-id=\"df7a433\" data-element_type=\"widget\" data-widget_type=\"spacer.default\">\n\t\t\t\t<div class=\"elementor-widget-container\">\n\t\t\t\t\t<div class=\"elementor-spacer\">\n\t\t\t<div class=\"elementor-spacer-inner\"><\/div>\n\t\t<\/div>\n\t\t\t\t<\/div>\n\t\t\t\t<\/div>\n\t\t\t\t<section class=\"elementor-section elementor-inner-section elementor-element elementor-element-41a6ec6 elementor-section-full_width elementor-section-height-default elementor-section-height-default parallax_section_no qode_elementor_container_no qode-content-aligment-left\" data-id=\"41a6ec6\" data-element_type=\"section\">\n\t\t\t\t\t\t<div class=\"elementor-container elementor-column-gap-default\">\n\t\t\t\t\t<div class=\"elementor-column elementor-col-50 elementor-inner-column elementor-element elementor-element-f7f0dac\" data-id=\"f7f0dac\" data-element_type=\"column\">\n\t\t\t<div class=\"elementor-widget-wrap elementor-element-populated\">\n\t\t\t\t\t\t<div class=\"elementor-element elementor-element-2783c00 elementor-widget elementor-widget-heading\" data-id=\"2783c00\" data-element_type=\"widget\" data-widget_type=\"heading.default\">\n\t\t\t\t<div class=\"elementor-widget-container\">\n\t\t\t<h4 class=\"elementor-heading-title elementor-size-default\">\u00dcber uns<\/h4>\t\t<\/div>\n\t\t\t\t<\/div>\n\t\t\t\t\t<\/div>\n\t\t<\/div>\n\t\t\t\t<div class=\"elementor-column elementor-col-50 elementor-inner-column elementor-element elementor-element-d552b46\" data-id=\"d552b46\" data-element_type=\"column\">\n\t\t\t<div class=\"elementor-widget-wrap elementor-element-populated\">\n\t\t\t\t\t\t<div class=\"elementor-element elementor-element-d6137e1 elementor-widget elementor-widget-text-editor\" data-id=\"d6137e1\" data-element_type=\"widget\" data-widget_type=\"text-editor.default\">\n\t\t\t\t<div class=\"elementor-widget-container\">\n\t\t\t\t\t\t\t<p><span style=\"color: #307326;\"><strong>Das Unternehmen<\/strong><\/span> verf\u00fcgt \u00fcber 60 Jahre Erfahrung in der Herstellung von Lebensmittelverpackungen und anderen Branchen und tr\u00e4gt zur st\u00e4ndigen technologischen Entwicklung der Papierindustrie bei. Die gro\u00dfe Kenntnis des Materials hat es uns erm\u00f6glicht, eine <span style=\"color: #307326;\"><b>zertifizierte<\/b><\/span> Marke zu entwickeln, die die Bed\u00fcrfnisse des Kunden abdeckt und die <span style=\"color: #307326;\"><b>Natur<\/b><\/span> respektiert. Das Material hat keine Auswirkungen auf die Umwelt.<\/p>\t\t\t\t\t\t<\/div>\n\t\t\t\t<\/div>\n\t\t\t\t\t<\/div>\n\t\t<\/div>\n\t\t\t\t\t<\/div>\n\t\t<\/section>\n\t\t\t\t\t<\/div>\n\t\t<\/div>\n\t\t\t\t\t<\/div>\n\t\t<\/section>\n\t\t\t\t<section class=\"elementor-section elementor-top-section elementor-element elementor-element-6b6173a elementor-section-stretched elementor-section-boxed elementor-section-height-default elementor-section-height-default parallax_section_no qode_elementor_container_no qode-content-aligment-left\" data-id=\"6b6173a\" data-element_type=\"section\" data-settings=\"{&quot;stretch_section&quot;:&quot;section-stretched&quot;}\">\n\t\t\t\t\t\t<div class=\"elementor-container elementor-column-gap-default\">\n\t\t\t\t\t<div class=\"elementor-column elementor-col-100 elementor-top-column elementor-element elementor-element-3025e7a\" data-id=\"3025e7a\" data-element_type=\"column\">\n\t\t\t<div class=\"elementor-widget-wrap elementor-element-populated\">\n\t\t\t\t\t\t<div class=\"elementor-element elementor-element-fa07754 elementor-widget elementor-widget-spacer\" data-id=\"fa07754\" data-element_type=\"widget\" data-widget_type=\"spacer.default\">\n\t\t\t\t<div class=\"elementor-widget-container\">\n\t\t\t\t\t<div class=\"elementor-spacer\">\n\t\t\t<div class=\"elementor-spacer-inner\"><\/div>\n\t\t<\/div>\n\t\t\t\t<\/div>\n\t\t\t\t<\/div>\n\t\t\t\t<section class=\"elementor-section elementor-inner-section elementor-element elementor-element-3f5efbe elementor-section-full_width elementor-section-height-default elementor-section-height-default parallax_section_no qode_elementor_container_no qode-content-aligment-left\" data-id=\"3f5efbe\" data-element_type=\"section\">\n\t\t\t\t\t\t<div class=\"elementor-container elementor-column-gap-default\">\n\t\t\t\t\t<div class=\"elementor-column elementor-col-50 elementor-inner-column elementor-element elementor-element-7788b16\" data-id=\"7788b16\" data-element_type=\"column\">\n\t\t\t<div class=\"elementor-widget-wrap elementor-element-populated\">\n\t\t\t\t\t\t<div class=\"elementor-element elementor-element-b4b157f elementor-widget elementor-widget-heading\" data-id=\"b4b157f\" data-element_type=\"widget\" data-widget_type=\"heading.default\">\n\t\t\t\t<div class=\"elementor-widget-container\">\n\t\t\t<h4 class=\"elementor-heading-title elementor-size-default\"> mission<\/h4>\t\t<\/div>\n\t\t\t\t<\/div>\n\t\t\t\t\t<\/div>\n\t\t<\/div>\n\t\t\t\t<div class=\"elementor-column elementor-col-50 elementor-inner-column elementor-element elementor-element-8d4b029\" data-id=\"8d4b029\" data-element_type=\"column\">\n\t\t\t<div class=\"elementor-widget-wrap elementor-element-populated\">\n\t\t\t\t\t\t<div class=\"elementor-element elementor-element-de25fbc elementor-widget elementor-widget-text-editor\" data-id=\"de25fbc\" data-element_type=\"widget\" data-widget_type=\"text-editor.default\">\n\t\t\t\t<div class=\"elementor-widget-container\">\n\t\t\t\t\t\t\t<p>Eine ehrgeizige Mission f\u00fcr <span style=\"color: #307326;\"><strong>EcoDu<\/strong><\/span>, die sich mit Papierentwicklungen befasst; Heute ist das Unternehmen auf dem nationalen Markt mit <span style=\"color: #307326;\"><b>kompostierbaren<\/b><\/span> Produkten vertreten, die vom modernsten und wichtigsten Design mit exklusiven und praktischen Linien inspiriert sind.<\/p>\t\t\t\t\t\t<\/div>\n\t\t\t\t<\/div>\n\t\t\t\t\t<\/div>\n\t\t<\/div>\n\t\t\t\t\t<\/div>\n\t\t<\/section>\n\t\t\t\t\t<\/div>\n\t\t<\/div>\n\t\t\t\t\t<\/div>\n\t\t<\/section>\n\t\t\t\t<section class=\"elementor-section elementor-top-section elementor-element elementor-element-9db58f6 elementor-section-full_width elementor-section-height-min-height elementor-section-stretched elementor-section-height-default elementor-section-items-middle parallax_section_no qode_elementor_container_no qode-content-aligment-left\" data-id=\"9db58f6\" data-element_type=\"section\" data-settings=\"{&quot;stretch_section&quot;:&quot;section-stretched&quot;,&quot;background_background&quot;:&quot;classic&quot;}\">\n\t\t\t\t\t\t<div class=\"elementor-container elementor-column-gap-default\">\n\t\t\t\t\t<div class=\"elementor-column elementor-col-100 elementor-top-column elementor-element elementor-element-f37c0a5\" data-id=\"f37c0a5\" data-element_type=\"column\">\n\t\t\t<div class=\"elementor-widget-wrap\">\n\t\t\t\t\t\t\t<\/div>\n\t\t<\/div>\n\t\t\t\t\t<\/div>\n\t\t<\/section>\n\t\t\t\t<section class=\"elementor-section elementor-top-section elementor-element elementor-element-566d0f7 elementor-section-stretched elementor-section-boxed elementor-section-height-default elementor-section-height-default parallax_section_no qode_elementor_container_no qode-content-aligment-left\" data-id=\"566d0f7\" data-element_type=\"section\" data-settings=\"{&quot;stretch_section&quot;:&quot;section-stretched&quot;}\">\n\t\t\t\t\t\t<div class=\"elementor-container elementor-column-gap-default\">\n\t\t\t\t\t<div class=\"elementor-column elementor-col-100 elementor-top-column elementor-element elementor-element-557d8a8\" data-id=\"557d8a8\" data-element_type=\"column\">\n\t\t\t<div class=\"elementor-widget-wrap elementor-element-populated\">\n\t\t\t\t\t\t<section class=\"elementor-section elementor-inner-section elementor-element elementor-element-079c1f1 elementor-section-full_width elementor-section-height-default elementor-section-height-default parallax_section_no qode_elementor_container_no qode-content-aligment-left\" data-id=\"079c1f1\" data-element_type=\"section\">\n\t\t\t\t\t\t<div class=\"elementor-container elementor-column-gap-default\">\n\t\t\t\t\t<div class=\"elementor-column elementor-col-100 elementor-inner-column elementor-element elementor-element-bc49d4a\" data-id=\"bc49d4a\" data-element_type=\"column\" data-settings=\"{&quot;background_background&quot;:&quot;classic&quot;}\">\n\t\t\t<div class=\"elementor-widget-wrap elementor-element-populated\">\n\t\t\t\t\t\t<div class=\"elementor-element elementor-element-a86b762 elementor-widget elementor-widget-spacer\" data-id=\"a86b762\" data-element_type=\"widget\" data-widget_type=\"spacer.default\">\n\t\t\t\t<div class=\"elementor-widget-container\">\n\t\t\t\t\t<div class=\"elementor-spacer\">\n\t\t\t<div class=\"elementor-spacer-inner\"><\/div>\n\t\t<\/div>\n\t\t\t\t<\/div>\n\t\t\t\t<\/div>\n\t\t\t\t<div class=\"elementor-element elementor-element-a84ef68 elementor-widget elementor-widget-text-editor\" data-id=\"a84ef68\" data-element_type=\"widget\" data-widget_type=\"text-editor.default\">\n\t\t\t\t<div class=\"elementor-widget-container\">\n\t\t\t\t\t\t\t<p style=\"text-align: center;\">Angesichts der Ablenkung unserer Spezies, die nicht glauben kann, dass sie sich dem Abgrund n\u00e4hert bis Sie hineingefallen sind, scheint es fast so, als ob niemand an die Gegenwart der Umwelt glaubt bis er feindlich wird und Terror und Zerst\u00f6rung verursacht.<\/p>\t\t\t\t\t\t<\/div>\n\t\t\t\t<\/div>\n\t\t\t\t<div class=\"elementor-element elementor-element-79dd204 elementor-widget elementor-widget-text-editor\" data-id=\"79dd204\" data-element_type=\"widget\" data-widget_type=\"text-editor.default\">\n\t\t\t\t<div class=\"elementor-widget-container\">\n\t\t\t\t\t\t\t<p style=\"text-align: center;\">NACHHALTIGKEIT IST KEINE MODE, ABER ES IST DER EINZIGE WEG. <br>DAS IST UNSER <span style=\"color: #307326;\"><strong>MOTTO<\/strong><\/span>.<\/p>\t\t\t\t\t\t<\/div>\n\t\t\t\t<\/div>\n\t\t\t\t\t<\/div>\n\t\t<\/div>\n\t\t\t\t\t<\/div>\n\t\t<\/section>\n\t\t\t\t\t<\/div>\n\t\t<\/div>\n\t\t\t\t\t<\/div>\n\t\t<\/section>\n\t\t\t\t<\/div>\n\t\t","protected":false},"excerpt":{"rendered":"<p>GUT ZU TUN IST EINE KUNST, GUTES ZU TUN IST EINE MISSION. \u00dcber uns Das Unternehmen verf\u00fcgt \u00fcber 60 Jahre Erfahrung in der Herstellung von Lebensmittelverpackungen und anderen Branchen und tr\u00e4gt zur st\u00e4ndigen technologischen Entwicklung der Papierindustrie bei. Die gro\u00dfe Kenntnis des Materials hat es&#8230;<\/p>\n","protected":false},"author":2,"featured_media":0,"parent":0,"menu_order":0,"comment_status":"closed","ping_status":"closed","template":"full_width.php","meta":{"_joinchat":[],"footnotes":""},"class_list":["post-2625","page","type-page","status-publish","hentry"],"yoast_head":"<!-- This site is optimized with the Yoast SEO plugin v27.3 - https:\/\/yoast.com\/product\/yoast-seo-wordpress\/ -->\n<title>UNTERNEHMEN | ECODU<\/title>\n<meta name=\"robots\" content=\"index, follow, max-snippet:-1, max-image-preview:large, max-video-preview:-1\" \/>\n<link rel=\"canonical\" href=\"https:\/\/www.ecodu.it\/de\/unternehmen\/\" \/>\n<meta property=\"og:locale\" content=\"de_DE\" \/>\n<meta property=\"og:type\" content=\"article\" \/>\n<meta property=\"og:title\" content=\"UNTERNEHMEN | ECODU\" \/>\n<meta property=\"og:description\" content=\"GUT ZU TUN IST EINE KUNST, GUTES ZU TUN IST EINE MISSION. \u00dcber uns Das Unternehmen verf\u00fcgt \u00fcber 60 Jahre Erfahrung in der Herstellung von Lebensmittelverpackungen und anderen Branchen und tr\u00e4gt zur st\u00e4ndigen technologischen Entwicklung der Papierindustrie bei. Die gro\u00dfe Kenntnis des Materials hat es...\" \/>\n<meta property=\"og:url\" content=\"https:\/\/www.ecodu.it\/de\/unternehmen\/\" \/>\n<meta property=\"og:site_name\" content=\"ECODU\" \/>\n<meta property=\"article:publisher\" content=\"https:\/\/www.facebook.com\/EcoDu.it\" \/>\n<meta property=\"article:modified_time\" content=\"2022-05-31T16:24:23+00:00\" \/>\n<meta name=\"twitter:card\" content=\"summary_large_image\" \/>\n<meta name=\"twitter:label1\" content=\"Gesch\u00e4tzte Lesezeit\" \/>\n\t<meta name=\"twitter:data1\" content=\"1\u00a0Minute\" \/>\n<script type=\"application\/ld+json\" class=\"yoast-schema-graph\">{\"@context\":\"https:\\\/\\\/schema.org\",\"@graph\":[{\"@type\":\"WebPage\",\"@id\":\"https:\\\/\\\/www.ecodu.it\\\/de\\\/unternehmen\\\/\",\"url\":\"https:\\\/\\\/www.ecodu.it\\\/de\\\/unternehmen\\\/\",\"name\":\"UNTERNEHMEN | ECODU\",\"isPartOf\":{\"@id\":\"https:\\\/\\\/www.ecodu.it\\\/#website\"},\"datePublished\":\"2021-02-10T21:38:28+00:00\",\"dateModified\":\"2022-05-31T16:24:23+00:00\",\"breadcrumb\":{\"@id\":\"https:\\\/\\\/www.ecodu.it\\\/de\\\/unternehmen\\\/#breadcrumb\"},\"inLanguage\":\"de\",\"potentialAction\":[{\"@type\":\"ReadAction\",\"target\":[\"https:\\\/\\\/www.ecodu.it\\\/de\\\/unternehmen\\\/\"]}]},{\"@type\":\"BreadcrumbList\",\"@id\":\"https:\\\/\\\/www.ecodu.it\\\/de\\\/unternehmen\\\/#breadcrumb\",\"itemListElement\":[{\"@type\":\"ListItem\",\"position\":1,\"name\":\"Home\",\"item\":\"https:\\\/\\\/www.ecodu.it\\\/de\\\/home-page\\\/\"},{\"@type\":\"ListItem\",\"position\":2,\"name\":\"UNTERNEHMEN\"}]},{\"@type\":\"WebSite\",\"@id\":\"https:\\\/\\\/www.ecodu.it\\\/#website\",\"url\":\"https:\\\/\\\/www.ecodu.it\\\/\",\"name\":\"EcoDu Food Packaging Solutions\",\"description\":\"\",\"publisher\":{\"@id\":\"https:\\\/\\\/www.ecodu.it\\\/#organization\"},\"potentialAction\":[{\"@type\":\"SearchAction\",\"target\":{\"@type\":\"EntryPoint\",\"urlTemplate\":\"https:\\\/\\\/www.ecodu.it\\\/?s={search_term_string}\"},\"query-input\":{\"@type\":\"PropertyValueSpecification\",\"valueRequired\":true,\"valueName\":\"search_term_string\"}}],\"inLanguage\":\"de\"},{\"@type\":\"Organization\",\"@id\":\"https:\\\/\\\/www.ecodu.it\\\/#organization\",\"name\":\"ECODU Food Packaging Solutions\",\"url\":\"https:\\\/\\\/www.ecodu.it\\\/\",\"logo\":{\"@type\":\"ImageObject\",\"inLanguage\":\"de\",\"@id\":\"https:\\\/\\\/www.ecodu.it\\\/#\\\/schema\\\/logo\\\/image\\\/\",\"url\":\"https:\\\/\\\/www.ecodu.it\\\/wp-content\\\/uploads\\\/2021\\\/02\\\/ecodu-logo-base.png\",\"contentUrl\":\"https:\\\/\\\/www.ecodu.it\\\/wp-content\\\/uploads\\\/2021\\\/02\\\/ecodu-logo-base.png\",\"width\":596,\"height\":216,\"caption\":\"ECODU Food Packaging Solutions\"},\"image\":{\"@id\":\"https:\\\/\\\/www.ecodu.it\\\/#\\\/schema\\\/logo\\\/image\\\/\"},\"sameAs\":[\"https:\\\/\\\/www.facebook.com\\\/EcoDu.it\",\"https:\\\/\\\/www.instagram.com\\\/ecodu.it\\\/\",\"https:\\\/\\\/www.youtube.com\\\/channel\\\/UCdgyY6D1deylUb-MWUiqpFw\"]}]}<\/script>\n<!-- \/ Yoast SEO plugin. -->","yoast_head_json":{"title":"UNTERNEHMEN | ECODU","robots":{"index":"index","follow":"follow","max-snippet":"max-snippet:-1","max-image-preview":"max-image-preview:large","max-video-preview":"max-video-preview:-1"},"canonical":"https:\/\/www.ecodu.it\/de\/unternehmen\/","og_locale":"de_DE","og_type":"article","og_title":"UNTERNEHMEN | ECODU","og_description":"GUT ZU TUN IST EINE KUNST, GUTES ZU TUN IST EINE MISSION. \u00dcber uns Das Unternehmen verf\u00fcgt \u00fcber 60 Jahre Erfahrung in der Herstellung von Lebensmittelverpackungen und anderen Branchen und tr\u00e4gt zur st\u00e4ndigen technologischen Entwicklung der Papierindustrie bei. Die gro\u00dfe Kenntnis des Materials hat es...","og_url":"https:\/\/www.ecodu.it\/de\/unternehmen\/","og_site_name":"ECODU","article_publisher":"https:\/\/www.facebook.com\/EcoDu.it","article_modified_time":"2022-05-31T16:24:23+00:00","twitter_card":"summary_large_image","twitter_misc":{"Gesch\u00e4tzte Lesezeit":"1\u00a0Minute"},"schema":{"@context":"https:\/\/schema.org","@graph":[{"@type":"WebPage","@id":"https:\/\/www.ecodu.it\/de\/unternehmen\/","url":"https:\/\/www.ecodu.it\/de\/unternehmen\/","name":"UNTERNEHMEN | ECODU","isPartOf":{"@id":"https:\/\/www.ecodu.it\/#website"},"datePublished":"2021-02-10T21:38:28+00:00","dateModified":"2022-05-31T16:24:23+00:00","breadcrumb":{"@id":"https:\/\/www.ecodu.it\/de\/unternehmen\/#breadcrumb"},"inLanguage":"de","potentialAction":[{"@type":"ReadAction","target":["https:\/\/www.ecodu.it\/de\/unternehmen\/"]}]},{"@type":"BreadcrumbList","@id":"https:\/\/www.ecodu.it\/de\/unternehmen\/#breadcrumb","itemListElement":[{"@type":"ListItem","position":1,"name":"Home","item":"https:\/\/www.ecodu.it\/de\/home-page\/"},{"@type":"ListItem","position":2,"name":"UNTERNEHMEN"}]},{"@type":"WebSite","@id":"https:\/\/www.ecodu.it\/#website","url":"https:\/\/www.ecodu.it\/","name":"EcoDu Food Packaging Solutions","description":"","publisher":{"@id":"https:\/\/www.ecodu.it\/#organization"},"potentialAction":[{"@type":"SearchAction","target":{"@type":"EntryPoint","urlTemplate":"https:\/\/www.ecodu.it\/?s={search_term_string}"},"query-input":{"@type":"PropertyValueSpecification","valueRequired":true,"valueName":"search_term_string"}}],"inLanguage":"de"},{"@type":"Organization","@id":"https:\/\/www.ecodu.it\/#organization","name":"ECODU Food Packaging Solutions","url":"https:\/\/www.ecodu.it\/","logo":{"@type":"ImageObject","inLanguage":"de","@id":"https:\/\/www.ecodu.it\/#\/schema\/logo\/image\/","url":"https:\/\/www.ecodu.it\/wp-content\/uploads\/2021\/02\/ecodu-logo-base.png","contentUrl":"https:\/\/www.ecodu.it\/wp-content\/uploads\/2021\/02\/ecodu-logo-base.png","width":596,"height":216,"caption":"ECODU Food Packaging Solutions"},"image":{"@id":"https:\/\/www.ecodu.it\/#\/schema\/logo\/image\/"},"sameAs":["https:\/\/www.facebook.com\/EcoDu.it","https:\/\/www.instagram.com\/ecodu.it\/","https:\/\/www.youtube.com\/channel\/UCdgyY6D1deylUb-MWUiqpFw"]}]}},"_links":{"self":[{"href":"https:\/\/www.ecodu.it\/de\/wp-json\/wp\/v2\/pages\/2625","targetHints":{"allow":["GET"]}}],"collection":[{"href":"https:\/\/www.ecodu.it\/de\/wp-json\/wp\/v2\/pages"}],"about":[{"href":"https:\/\/www.ecodu.it\/de\/wp-json\/wp\/v2\/types\/page"}],"author":[{"embeddable":true,"href":"https:\/\/www.ecodu.it\/de\/wp-json\/wp\/v2\/users\/2"}],"replies":[{"embeddable":true,"href":"https:\/\/www.ecodu.it\/de\/wp-json\/wp\/v2\/comments?post=2625"}],"version-history":[{"count":0,"href":"https:\/\/www.ecodu.it\/de\/wp-json\/wp\/v2\/pages\/2625\/revisions"}],"wp:attachment":[{"href":"https:\/\/www.ecodu.it\/de\/wp-json\/wp\/v2\/media?parent=2625"}],"curies":[{"name":"wp","href":"https:\/\/api.w.org\/{rel}","templated":true}]}}