{"id":2399,"date":"2021-02-16T11:00:09","date_gmt":"2021-02-16T10:00:09","guid":{"rendered":"https:\/\/www.ecodu.it\/privacy-policy\/"},"modified":"2021-06-09T11:16:24","modified_gmt":"2021-06-09T09:16:24","slug":"privacy-policy","status":"publish","type":"page","link":"https:\/\/www.ecodu.it\/de\/privacy-policy\/","title":{"rendered":"Privacy Policy"},"content":{"rendered":"<p>&nbsp;<br \/>\n&nbsp;<br \/>\n&nbsp;<\/p>\n<h3><span style=\"color: #000000;\"><strong>EIGENT\u00dcMER DER GESAMMELTEN DATEN <\/strong> <\/span><\/h3>\n<p>&nbsp;<\/p>\n<p><span style=\"color: #000000;\"> Lampa packaging s.r.l. <\/span><br \/>\n<span style=\"color: #000000;\"> Via Jesi 174 <\/span><br \/>\n<span style=\"color: #000000;\"> 60027 Osimo (AN) <\/span><br \/>\n<span style=\"color: #000000;\"> MwSt.-Nummer IT02151500424 <\/span><br \/>\n<span style=\"color: #000000;\"> info [at] ecodu.it<\/span><\/p>\n<p>&nbsp;<\/p>\n<h3><span style=\"color: #000000;\"> <strong> ARTEN VON ERFASSTEN DATEN <\/strong> <\/span><\/h3>\n<p><span style=\"color: #000000;\"> Zu den personenbezogenen Daten, die von dieser Anwendung unabh\u00e4ngig oder durch Dritte erhoben werden, geh\u00f6ren: Cookie, Nutzungsdaten, E-Mail, Vorname, Nachname und Benutzerdaten.<\/span><\/p>\n<p><span style=\"color: #000000;\"> Andere erhobene personenbezogene Daten k\u00f6nnen in anderen Abschnitten dieser Datenschutzrichtlinie oder durch Informationstexte angegeben werden, die zusammen mit der Datenerhebung angezeigt werden. Personenbezogene Daten k\u00f6nnen vom Benutzer freiwillig eingegeben oder bei der Nutzung dieser Anwendung automatisch erfasst werden. <\/span><\/p>\n<p><span style=\"color: #000000;\"> Jegliche Verwendung von Cookies \u2013 oder anderen Tracking-Tools \u2013 durch diese Anwendung oder durch die Eigent\u00fcmer von Drittanbieterdiensten, die von dieser Anwendung verwendet werden, hat, sofern nicht anders angegeben, den Zweck, den Benutzer zu identifizieren und ihre Pr\u00e4ferenzen zu Zwecken aufzuzeichnen, die ausschlie\u00dflich mit der Erbringung des vom Benutzer angeforderten Dienstes zusammenh\u00e4ngen. Die Nichtbereitstellung bestimmter personenbezogener Daten durch den Benutzer kann diese Anwendung daran hindern, ihre Dienste bereitzustellen. <\/span><\/p>\n<p><span style=\"color: #000000;\"> Der Benutzer \u00fcbernimmt die Verantwortung f\u00fcr die personenbezogenen Daten von Dritten, die \u00fcber diese Anwendung ver\u00f6ffentlicht oder weitergegeben werden, und garantiert, das Recht zu haben, diese mitzuteilen oder zu verbreiten, wodurch der Eigent\u00fcmer von jeglicher Haftung gegen\u00fcber Dritten befreit wird . <\/span><\/p>\n<h3><span style=\"color: #000000;\"> <strong> METHODE UND ORT DER VERARBEITUNG DER GESAMMELTEN DATEN <\/strong> <\/span><\/h3>\n<p><span style=\"color: #000000;\"> <strong> Behandlungsmethode <\/strong> <\/span><br \/>\n<span style=\"color: #000000;\"> Der Eigent\u00fcmer verarbeitet die personenbezogenen Daten der Benutzer, indem er geeignete Sicherheitsma\u00dfnahmen ergreift, um unbefugten Zugriff, Offenlegung, \u00c4nderung oder Zerst\u00f6rung personenbezogener Daten zu verhindern. Die Verarbeitung erfolgt mit Hilfe von IT- und \/ oder Telematiktools, mit organisatorischen Methoden und mit einer Logik, die sich ausschlie\u00dflich auf die angegebenen Zwecke bezieht. Neben dem Datenverantwortlichen k\u00f6nnen in einigen F\u00e4llen auch Kategorien von Mitarbeitern, die an der Organisation der Website beteiligt sind (Verwaltung, Handel, Marketing, Recht, Systemadministratoren) oder externe Personen (wie Anbieter technischer Dienste Dritter, Postkuriere) Zugang zu den Daten haben, Hosting-Provider, IT-Unternehmen, Kommunikationsagenturen), die gegebenenfalls auch vom Datenverantwortlichen als Datenverarbeiter ernannt werden. Die aktualisierte Liste der Manager kann jederzeit beim Datenverantwortlichen angefordert werden. <\/span><br \/>\n<span style=\"color: #000000;\"> Ort: Die Daten werden am Betriebssitz des Datenverantwortlichen und an jedem anderen Ort verarbeitet, an dem sich die an der Verarbeitung beteiligten Parteien befinden. F\u00fcr weitere Informationen wenden Sie sich an den Datenverantwortlichen. <\/span><br \/>\n<span style=\"color: #000000;\"> Zeiten: Die Daten werden f\u00fcr die Zeit verarbeitet, die f\u00fcr die Erbringung der vom Benutzer angeforderten Dienstleistung oder f\u00fcr die in diesem Dokument beschriebenen Zwecke erforderlich ist, und der Benutzer kann jederzeit eine Unterbrechung verlangen. of die Behandlung oder die L\u00f6schung der Daten. <\/span><\/p>\n<p><span style=\"color: #000000;\"> <strong> ZWECK DER VERARBEITUNG DER ERFASSTEN DATEN <\/strong> <\/span><br \/>\n<span style=\"color: #000000;\"> Die Benutzerdaten werden gesammelt, um dem Eigent\u00fcmer die Bereitstellung seiner Dienste zu erm\u00f6glichen, sowie f\u00fcr die folgenden Zwecke: Statistik, Kontaktaufnahme mit dem Benutzer und Verwaltung von Adressen und Versand von E-Mail-Nachrichten . Die f\u00fcr jeden Zweck verwendeten Arten von personenbezogenen Daten sind in den spezifischen Abschnitten dieses Dokuments angegeben. <\/span><\/p>\n<h3><span style=\"color: #000000;\"> DETAILS ZUR VERARBEITUNG PERSONENBEZOGENER DATEN <\/span><\/h3>\n<p><span style=\"color: #000000;\"> Personenbezogene Daten werden f\u00fcr die folgenden Zwecke und unter Verwendung der folgenden Dienste erhoben: <\/span><\/p>\n<p><span style=\"color: #000000;\"> <strong> BENUTZER KONTAKTIEREN <\/strong> <\/span><br \/>\n<span style=\"color: #000000;\"> Kontaktformular (Diese Anwendung) <\/span><br \/>\n<span style=\"color: #000000;\"> Der Benutzer stimmt durch das Ausf\u00fcllen des Kontaktformulars mit seinen Daten deren Verwendung zu, um auf Informationsanfragen, Angebote oder jede andere Art zu antworten, die in der Kopfzeile des . angegeben ist Modul. Erhobene personenbezogene Daten: Name, Nachname, E-Mail, Informationen zu Benutzerpr\u00e4ferenzen. <\/span><\/p>\n<p><span style=\"color: #000000;\"> <strong> ADRESSENVERWALTUNG UND VERSAND VON MAIL-NACHRICHTEN <\/strong> <\/span><br \/>\n<span style=\"color: #000000;\"> Mit diesen Diensten k\u00f6nnen Sie eine Datenbank mit E-Mail-Kontakten, Telefonkontakten oder Kontakten anderer Art verwaltenzur Kommunikation mit dem Benutzer verwendet werden. Diese Dienste k\u00f6nnen auch die Erfassung von Daten zu Datum und Uhrzeit der Anzeige der Nachrichten durch den Benutzer sowie zur Interaktion des Benutzers mit ihnen erm\u00f6glichen, beispielsweise Informationen zu Klicks auf in Nachrichten eingef\u00fcgte Links. &lt;\/ Span &gt;<\/span><\/p>\n<p><span style=\"color: #000000;\"> <strong> Google Analytics (Google) <\/strong> <\/span><br \/>\n<span style=\"color: #000000;\"> Google Analytics ist ein Webanalysedienst der Google Inc. (&#8222;Google&#8220;). Google verwendet die gesammelten personenbezogenen Daten, um die Nutzung dieser Anwendung zu verfolgen und zu untersuchen, Berichte zu erstellen und sie mit anderen von Google entwickelten Diensten zu teilen. <\/span><br \/>\n<span style=\"color: #000000;\"> Google kann personenbezogene Daten verwenden, um die Anzeigen seines eigenen Werbenetzwerks zu kontextualisieren und zu personalisieren. <\/span><br \/>\n<span style=\"color: #000000;\"> Erhobene personenbezogene Daten: Cookies und Nutzungsdaten. <\/span><br \/>\n<span style=\"color: #000000;\"> Verarbeitungsort: USA &#8211; <a href=\"https:\/\/www.google.com\/intl\/it\/policies\/privacy\/\" target=\"_ blank\" rel=\"noopener\">Privacy Policy <\/a>&#8211; <a href=\"https:\/\/tools.google.com\/dlpage\/gaoptout?hl=it\" target=\"_blank\" rel=\"noopener\"> Opt-Out<\/a><\/span><\/p>\n<p>&nbsp;<\/p>\n<h3><strong> <span style=\"color: #000000;\"> WEITERE INFORMATIONEN ZUR BEHANDLUNG <\/span> <\/strong><\/h3>\n<p><span style=\"color: #000000;\"> <strong> Verteidigung vor Gericht <\/strong> <\/span><br \/>\n<span style=\"color: #000000;\"> Die personenbezogenen Daten des Benutzers k\u00f6nnen vom Eigent\u00fcmer vor Gericht oder in den Phasen, die zu seiner endg\u00fcltigen Einrichtung f\u00fchren, verwendet werden, um Missbrauch bei der Nutzung derselben oder verwandter Dienste durch den Benutzer. Der Benutzer erkl\u00e4rt, sich bewusst zu sein, dass der Datenverantwortliche m\u00f6glicherweise verpflichtet ist, die Daten auf Anfrage der Beh\u00f6rden offenzulegen.<\/span><\/p>\n<p>&nbsp;<\/p>\n<p><span style=\"color: #000000;\"> <strong> Spezifische Informationen <\/strong> <\/span><br \/>\n<span style=\"color: #000000;\"> Auf Anfrage des Benutzers kann diese Anwendung zus\u00e4tzlich zu den in dieser Datenschutzrichtlinie enthaltenen Informationen dem Benutzer zus\u00e4tzliche und kontextbezogene Informationen zu bestimmten Diensten oder deren Erfassung und Verarbeitung bereitstellen personenbezogener Daten.<\/span><\/p>\n<p>&nbsp;<\/p>\n<p><span style=\"color: #000000;\"> <strong> System- und Wartungsprotokolle <\/strong> <\/span><br \/>\n<span style=\"color: #000000;\"> F\u00fcr Anforderungen im Zusammenhang mit Betrieb und Wartung k\u00f6nnen diese Anwendung und alle von ihr verwendeten Dienste von Drittanbietern Systemprotokolle sammeln, das sind Dateien, die die Interaktionen aufzeichnen und die auch personenbezogene Daten enthalten k\u00f6nnen. wie die IP-Adresse des Benutzers. <\/span><br \/>\n<span style=\"color: #000000;\"> Informationen, die nicht in dieser Richtlinie enthalten sind <\/span><br \/>\n<span style=\"color: #000000;\"> Weitere Informationen in Bezug auf die Verarbeitung personenbezogener Daten k\u00f6nnen jederzeit vom Datenverantwortlichen unter Verwendung der Kontaktinformationen angefordert werden. <\/span><\/p>\n<p><span style=\"color: #000000;\"> <strong> Aus\u00fcbung von Rechten durch Nutzer <\/strong> <\/span><br \/>\n<span style=\"color: #000000;\"> Die Personen, auf die sich die personenbezogenen Daten beziehen, haben jederzeit das Recht, vom Datenverantwortlichen eine Best\u00e4tigung \u00fcber deren Existenz oder nicht zu erhalten, ihren Inhalt und ihre Herkunft zu erfahren ihre Richtigkeit zu \u00fcberpr\u00fcfen oder deren Integration, L\u00f6schung, Aktualisierung, Berichtigung, Umwandlung in anonyme Form oder Sperrung der gesetzeswidrig verarbeiteten personenbezogenen Daten zu verlangen sowie sich in jedem Fall aus legitimen Gr\u00fcnden ihrer Behandlung zu widersetzen. Anfragen sind an den Datenverantwortlichen zu richten. <\/span><br \/>\n<span style=\"color: #000000;\"> Diese Anwendung unterst\u00fctzt keine \u201eDo Not Track\u201c-Anfragen. Um herauszufinden, ob die verwendeten Dienste von Drittanbietern diese unterst\u00fctzen, lesen Sie deren Datenschutzrichtlinien.<\/span><\/p>\n<p>&nbsp;<\/p>\n<p><span style=\"color: #000000;\"> <strong> \u00c4nderungen dieser Datenschutzrichtlinie <\/strong> <\/span><br \/>\n<span style=\"color: #000000;\"> Der Datenverantwortliche beh\u00e4lt sich das Recht vor, jederzeit \u00c4nderungen an dieser Datenschutzrichtlinie vorzunehmen, indem er die Benutzer auf dieser Seite benachrichtigt. Bitte konsultieren Sie daher diese Seite h\u00e4ufig und beziehen Sie sich auf das Datum der letzten \u00c4nderung, das unten angegeben ist. Im Falle der Nichtakzeptanz der an dieser Datenschutzrichtlinie vorgenommenen \u00c4nderungen muss der Benutzer die Nutzung dieser Anwendung einstellen und kann den Datenverantwortlichen auffordern, seine personenbezogenen Daten zu entfernen. Sofern nicht anders angegeben, gilt weiterhin die vorherige Datenschutzrichtlinie f\u00fcr die bis zu diesem Zeitpunkt erfassten personenbezogenen Daten. <\/span><\/p>\n<p><span style=\"color: #000000;\"> <strong> \u00dcber diese Datenschutzrichtlinie <\/strong> <\/span><br \/>\n<span style=\"color: #000000;\"> Der Datenverantwortliche ist f\u00fcr diese Datenschutzrichtlinie verantwortlich.<\/span><\/p>\n<p>&nbsp;<\/p>\n<h3><span style=\"color: #000000;\"> DEFINITIONEN UND RECHTLICHE HINWEISE <\/span><\/h3>\n<p><span style=\"color: #000000;\"> <strong> Daten f\u00fcrSonal (oder Daten) <\/strong> <\/span><br \/>\n<span style=\"color: #000000;\"> Alle Informationen, die sich auf eine nat\u00fcrliche Person beziehen, die, auch indirekt, durch Bezugnahme auf andere Informationen, einschlie\u00dflich einer pers\u00f6nlichen Identifikationsnummer, identifiziert oder identifizierbar sind, stellen personenbezogene Daten dar.<\/span><\/p>\n<p>&nbsp;<\/p>\n<p><span style=\"color: #000000;\"> <strong> Nutzungsdaten <\/strong> <\/span><br \/>\n<span style=\"color: #000000;\"> Dies sind personenbezogene Daten, die automatisch von der Anwendung (oder von von ihr verwendeten Drittanwendungen) erfasst werden, einschlie\u00dflich: IP-Adressen oder Dom\u00e4nennamen der Computer, die vom Benutzer verwendet werden, der eine Verbindung herstellt die Anwendung, die Adressen in URI-Notation (Uniform Resource Identifier), den Zeitpunkt der Anfrage, die Methode, die zum Senden der Anfrage an den Server verwendet wurde, die Gr\u00f6\u00dfe der als Antwort erhaltenen Datei, der Zahlencode, der den Status der Antwort des Servers (erfolgreich, Fehler usw.), Herkunftsland, Eigenschaften des vom Besucher verwendeten Browsers und Betriebssystems, die verschiedenen zeitlichen Konnotationen des Besuchs (z. B. die auf jeder Seite verbrachte Zeit) und die Details in Bezug auf die in der Anwendung verfolgte Reiseroute, insbesondere in Bezug auf die Abfolge der aufgerufenen Seiten, auf die Parameter des Betriebssystems und der IT-Umgebung des Benutzers.\u00a0<\/span><\/p>\n<p>&nbsp;<\/p>\n<p><span style=\"color: #000000;\"> <strong> Nutzer <\/strong> <\/span><br \/>\n<span style=\"color: #000000;\"> Die Person, die diese Anwendung verwendet, die mit der interessierten Partei \u00fcbereinstimmen oder von ihr autorisiert werden muss und deren personenbezogene Daten verarbeitet werden.<\/span><\/p>\n<p>&nbsp;<\/p>\n<p><span style=\"color: #000000;\"> <strong> Interessiert <\/strong> <\/span><br \/>\n<span style=\"color: #000000;\"> Die nat\u00fcrliche oder juristische Person, auf die sich die personenbezogenen Daten beziehen. <\/span><br \/>\n<span style=\"color: #000000;\"> Datenprozessor (oder Manager) <\/span><br \/>\n<span style=\"color: #000000;\"> Die nat\u00fcrliche oder juristische Person, die \u00f6ffentliche Verwaltung und jede andere K\u00f6rperschaft, Vereinigung oder Einrichtung, die vom Datenverantwortlichen zur Verarbeitung personenbezogener Daten gem\u00e4\u00df dieser Datenschutzrichtlinie ernannt wird.<\/span><\/p>\n<p>&nbsp;<\/p>\n<p><span style=\"color: #000000;\"> <strong> Datenverantwortlicher (oder Datenverantwortlicher) <\/strong> <\/span><br \/>\n<span style=\"color: #000000;\"> Die nat\u00fcrliche, juristische Person, \u00f6ffentliche Verwaltung und jede andere Stelle, Vereinigung oder Organisation, die, auch gemeinsam mit einem anderen Eigent\u00fcmer, f\u00fcr Entscheidungen \u00fcber die Zwecke und Methoden der Verarbeitung personenbezogener Daten verantwortlich ist und die verwendeten Tools, einschlie\u00dflich des Sicherheitsprofils, in Bezug auf den Betrieb und die Nutzung dieser Anwendung. Der Datenverantwortliche ist, sofern nicht anders angegeben, der Eigent\u00fcmer dieser Anwendung.<\/span><\/p>\n<p>&nbsp;<\/p>\n<p><span style=\"color: #000000;\"> <strong> Diese Anwendung <\/strong> <\/span><br \/>\n<span style=\"color: #000000;\"> Das Hardware- oder Softwaretool, mit dem die personenbezogenen Daten von Benutzern erfasst werden.<\/span><\/p>\n<p>&nbsp;<\/p>\n<p><span style=\"color: #000000;\"> <strong> Cookie <\/strong> <\/span><br \/>\n<span style=\"color: #000000;\"> Kleiner Teil der auf dem Ger\u00e4t des Nutzers gespeicherten Daten.<\/span><\/p>\n<p>&nbsp;<\/p>\n<h3><span style=\"color: #000000;\"> Rechtliche Hinweise <\/span><\/h3>\n<p><span style=\"color: #000000;\"> Hinweis f\u00fcr europ\u00e4ische Benutzer: Diese Datenschutzerkl\u00e4rung wurde in Erf\u00fcllung der Verpflichtungen gem\u00e4\u00df Art. 10 der Richtlinie Nr. 95\/46 \/ EG, sowie die Bestimmungen der Richtlinie 2002\/58 \/ EG, aktualisiert durch die Richtlinie 2009\/136 \/ EG, zum Thema Cookies und gem\u00e4\u00df Art. 13-14 der DSGVO (Datenschutz-Grundverordnung) 2016\/679. Gem\u00e4\u00df den angegebenen Vorschriften basiert diese Behandlung auf den Grunds\u00e4tzen der Korrektheit, Rechtm\u00e4\u00dfigkeit, Transparenz und des Schutzes Ihrer Privatsph\u00e4re und Ihrer Rechte. Sofern nicht anders angegeben, betrifft diese Datenschutzerkl\u00e4rung nur diese Anwendung. <\/span><\/p>\n<p><span style=\"color: #000000;\"> Letzte \u00c4nderung: 9. Juni 2021 <\/span><\/p>\n","protected":false},"excerpt":{"rendered":"<p>&nbsp; &nbsp; &nbsp; EIGENT\u00dcMER DER GESAMMELTEN DATEN &nbsp; Lampa packaging s.r.l. Via Jesi 174 60027 Osimo (AN) MwSt.-Nummer IT02151500424 info [at] ecodu.it &nbsp; ARTEN VON ERFASSTEN DATEN Zu den personenbezogenen Daten, die von dieser Anwendung unabh\u00e4ngig oder durch Dritte erhoben werden, geh\u00f6ren: Cookie, Nutzungsdaten, E-Mail,&#8230;<\/p>\n","protected":false},"author":2,"featured_media":0,"parent":0,"menu_order":0,"comment_status":"closed","ping_status":"closed","template":"","meta":{"_joinchat":[],"footnotes":""},"class_list":["post-2399","page","type-page","status-publish","hentry"],"yoast_head":"<!-- This site is optimized with the Yoast SEO plugin v27.3 - https:\/\/yoast.com\/product\/yoast-seo-wordpress\/ -->\n<title>Privacy Policy | ECODU<\/title>\n<meta name=\"robots\" content=\"index, follow, max-snippet:-1, max-image-preview:large, max-video-preview:-1\" \/>\n<link rel=\"canonical\" href=\"https:\/\/www.ecodu.it\/de\/privacy-policy\/\" \/>\n<meta property=\"og:locale\" content=\"de_DE\" \/>\n<meta property=\"og:type\" content=\"article\" \/>\n<meta property=\"og:title\" content=\"Privacy Policy | ECODU\" \/>\n<meta property=\"og:description\" content=\"&nbsp; &nbsp; &nbsp; EIGENT\u00dcMER DER GESAMMELTEN DATEN &nbsp; Lampa packaging s.r.l. Via Jesi 174 60027 Osimo (AN) MwSt.-Nummer IT02151500424 info [at] ecodu.it &nbsp; ARTEN VON ERFASSTEN DATEN Zu den personenbezogenen Daten, die von dieser Anwendung unabh\u00e4ngig oder durch Dritte erhoben werden, geh\u00f6ren: Cookie, Nutzungsdaten, E-Mail,...\" \/>\n<meta property=\"og:url\" content=\"https:\/\/www.ecodu.it\/de\/privacy-policy\/\" \/>\n<meta property=\"og:site_name\" content=\"ECODU\" \/>\n<meta property=\"article:publisher\" content=\"https:\/\/www.facebook.com\/EcoDu.it\" \/>\n<meta property=\"article:modified_time\" content=\"2021-06-09T09:16:24+00:00\" \/>\n<meta name=\"twitter:card\" content=\"summary_large_image\" \/>\n<meta name=\"twitter:label1\" content=\"Gesch\u00e4tzte Lesezeit\" \/>\n\t<meta name=\"twitter:data1\" content=\"7\u00a0Minuten\" \/>\n<script type=\"application\/ld+json\" class=\"yoast-schema-graph\">{\"@context\":\"https:\\\/\\\/schema.org\",\"@graph\":[{\"@type\":\"WebPage\",\"@id\":\"https:\\\/\\\/www.ecodu.it\\\/de\\\/privacy-policy\\\/\",\"url\":\"https:\\\/\\\/www.ecodu.it\\\/de\\\/privacy-policy\\\/\",\"name\":\"Privacy Policy | ECODU\",\"isPartOf\":{\"@id\":\"https:\\\/\\\/www.ecodu.it\\\/#website\"},\"datePublished\":\"2021-02-16T10:00:09+00:00\",\"dateModified\":\"2021-06-09T09:16:24+00:00\",\"breadcrumb\":{\"@id\":\"https:\\\/\\\/www.ecodu.it\\\/de\\\/privacy-policy\\\/#breadcrumb\"},\"inLanguage\":\"de\",\"potentialAction\":[{\"@type\":\"ReadAction\",\"target\":[\"https:\\\/\\\/www.ecodu.it\\\/de\\\/privacy-policy\\\/\"]}]},{\"@type\":\"BreadcrumbList\",\"@id\":\"https:\\\/\\\/www.ecodu.it\\\/de\\\/privacy-policy\\\/#breadcrumb\",\"itemListElement\":[{\"@type\":\"ListItem\",\"position\":1,\"name\":\"Home\",\"item\":\"https:\\\/\\\/www.ecodu.it\\\/de\\\/home-page\\\/\"},{\"@type\":\"ListItem\",\"position\":2,\"name\":\"Privacy Policy\"}]},{\"@type\":\"WebSite\",\"@id\":\"https:\\\/\\\/www.ecodu.it\\\/#website\",\"url\":\"https:\\\/\\\/www.ecodu.it\\\/\",\"name\":\"EcoDu Food Packaging Solutions\",\"description\":\"\",\"publisher\":{\"@id\":\"https:\\\/\\\/www.ecodu.it\\\/#organization\"},\"potentialAction\":[{\"@type\":\"SearchAction\",\"target\":{\"@type\":\"EntryPoint\",\"urlTemplate\":\"https:\\\/\\\/www.ecodu.it\\\/?s={search_term_string}\"},\"query-input\":{\"@type\":\"PropertyValueSpecification\",\"valueRequired\":true,\"valueName\":\"search_term_string\"}}],\"inLanguage\":\"de\"},{\"@type\":\"Organization\",\"@id\":\"https:\\\/\\\/www.ecodu.it\\\/#organization\",\"name\":\"ECODU Food Packaging Solutions\",\"url\":\"https:\\\/\\\/www.ecodu.it\\\/\",\"logo\":{\"@type\":\"ImageObject\",\"inLanguage\":\"de\",\"@id\":\"https:\\\/\\\/www.ecodu.it\\\/#\\\/schema\\\/logo\\\/image\\\/\",\"url\":\"https:\\\/\\\/www.ecodu.it\\\/wp-content\\\/uploads\\\/2021\\\/02\\\/ecodu-logo-base.png\",\"contentUrl\":\"https:\\\/\\\/www.ecodu.it\\\/wp-content\\\/uploads\\\/2021\\\/02\\\/ecodu-logo-base.png\",\"width\":596,\"height\":216,\"caption\":\"ECODU Food Packaging Solutions\"},\"image\":{\"@id\":\"https:\\\/\\\/www.ecodu.it\\\/#\\\/schema\\\/logo\\\/image\\\/\"},\"sameAs\":[\"https:\\\/\\\/www.facebook.com\\\/EcoDu.it\",\"https:\\\/\\\/www.instagram.com\\\/ecodu.it\\\/\",\"https:\\\/\\\/www.youtube.com\\\/channel\\\/UCdgyY6D1deylUb-MWUiqpFw\"]}]}<\/script>\n<!-- \/ Yoast SEO plugin. -->","yoast_head_json":{"title":"Privacy Policy | ECODU","robots":{"index":"index","follow":"follow","max-snippet":"max-snippet:-1","max-image-preview":"max-image-preview:large","max-video-preview":"max-video-preview:-1"},"canonical":"https:\/\/www.ecodu.it\/de\/privacy-policy\/","og_locale":"de_DE","og_type":"article","og_title":"Privacy Policy | ECODU","og_description":"&nbsp; &nbsp; &nbsp; EIGENT\u00dcMER DER GESAMMELTEN DATEN &nbsp; Lampa packaging s.r.l. Via Jesi 174 60027 Osimo (AN) MwSt.-Nummer IT02151500424 info [at] ecodu.it &nbsp; ARTEN VON ERFASSTEN DATEN Zu den personenbezogenen Daten, die von dieser Anwendung unabh\u00e4ngig oder durch Dritte erhoben werden, geh\u00f6ren: Cookie, Nutzungsdaten, E-Mail,...","og_url":"https:\/\/www.ecodu.it\/de\/privacy-policy\/","og_site_name":"ECODU","article_publisher":"https:\/\/www.facebook.com\/EcoDu.it","article_modified_time":"2021-06-09T09:16:24+00:00","twitter_card":"summary_large_image","twitter_misc":{"Gesch\u00e4tzte Lesezeit":"7\u00a0Minuten"},"schema":{"@context":"https:\/\/schema.org","@graph":[{"@type":"WebPage","@id":"https:\/\/www.ecodu.it\/de\/privacy-policy\/","url":"https:\/\/www.ecodu.it\/de\/privacy-policy\/","name":"Privacy Policy | ECODU","isPartOf":{"@id":"https:\/\/www.ecodu.it\/#website"},"datePublished":"2021-02-16T10:00:09+00:00","dateModified":"2021-06-09T09:16:24+00:00","breadcrumb":{"@id":"https:\/\/www.ecodu.it\/de\/privacy-policy\/#breadcrumb"},"inLanguage":"de","potentialAction":[{"@type":"ReadAction","target":["https:\/\/www.ecodu.it\/de\/privacy-policy\/"]}]},{"@type":"BreadcrumbList","@id":"https:\/\/www.ecodu.it\/de\/privacy-policy\/#breadcrumb","itemListElement":[{"@type":"ListItem","position":1,"name":"Home","item":"https:\/\/www.ecodu.it\/de\/home-page\/"},{"@type":"ListItem","position":2,"name":"Privacy Policy"}]},{"@type":"WebSite","@id":"https:\/\/www.ecodu.it\/#website","url":"https:\/\/www.ecodu.it\/","name":"EcoDu Food Packaging Solutions","description":"","publisher":{"@id":"https:\/\/www.ecodu.it\/#organization"},"potentialAction":[{"@type":"SearchAction","target":{"@type":"EntryPoint","urlTemplate":"https:\/\/www.ecodu.it\/?s={search_term_string}"},"query-input":{"@type":"PropertyValueSpecification","valueRequired":true,"valueName":"search_term_string"}}],"inLanguage":"de"},{"@type":"Organization","@id":"https:\/\/www.ecodu.it\/#organization","name":"ECODU Food Packaging Solutions","url":"https:\/\/www.ecodu.it\/","logo":{"@type":"ImageObject","inLanguage":"de","@id":"https:\/\/www.ecodu.it\/#\/schema\/logo\/image\/","url":"https:\/\/www.ecodu.it\/wp-content\/uploads\/2021\/02\/ecodu-logo-base.png","contentUrl":"https:\/\/www.ecodu.it\/wp-content\/uploads\/2021\/02\/ecodu-logo-base.png","width":596,"height":216,"caption":"ECODU Food Packaging Solutions"},"image":{"@id":"https:\/\/www.ecodu.it\/#\/schema\/logo\/image\/"},"sameAs":["https:\/\/www.facebook.com\/EcoDu.it","https:\/\/www.instagram.com\/ecodu.it\/","https:\/\/www.youtube.com\/channel\/UCdgyY6D1deylUb-MWUiqpFw"]}]}},"_links":{"self":[{"href":"https:\/\/www.ecodu.it\/de\/wp-json\/wp\/v2\/pages\/2399","targetHints":{"allow":["GET"]}}],"collection":[{"href":"https:\/\/www.ecodu.it\/de\/wp-json\/wp\/v2\/pages"}],"about":[{"href":"https:\/\/www.ecodu.it\/de\/wp-json\/wp\/v2\/types\/page"}],"author":[{"embeddable":true,"href":"https:\/\/www.ecodu.it\/de\/wp-json\/wp\/v2\/users\/2"}],"replies":[{"embeddable":true,"href":"https:\/\/www.ecodu.it\/de\/wp-json\/wp\/v2\/comments?post=2399"}],"version-history":[{"count":0,"href":"https:\/\/www.ecodu.it\/de\/wp-json\/wp\/v2\/pages\/2399\/revisions"}],"wp:attachment":[{"href":"https:\/\/www.ecodu.it\/de\/wp-json\/wp\/v2\/media?parent=2399"}],"curies":[{"name":"wp","href":"https:\/\/api.w.org\/{rel}","templated":true}]}}